{"id":14,"date":"2024-11-06T01:39:54","date_gmt":"2024-11-06T01:39:54","guid":{"rendered":"http:\/\/cotton.az\/?page_id=14"},"modified":"2025-10-13T12:41:19","modified_gmt":"2025-10-13T08:41:19","slug":"biz-kimik","status":"publish","type":"page","link":"https:\/\/cotton.az\/en\/biz-kimik\/","title":{"rendered":"Who we are"},"content":{"rendered":"<div data-elementor-type=\"wp-post\" data-elementor-id=\"14\" class=\"elementor elementor-14\" data-elementor-post-type=\"page\">\n\t\t\t\t<div class=\"elementor-element elementor-element-4a51b0d e-flex e-con-boxed e-con e-parent\" data-id=\"4a51b0d\" data-element_type=\"container\" data-e-type=\"container\">\n\t\t\t\t\t<div class=\"e-con-inner\">\n\t\t\t\t<div class=\"elementor-element elementor-element-0e1b480 elementor-absolute elementor-widget elementor-widget-image\" data-id=\"0e1b480\" data-element_type=\"widget\" data-e-type=\"widget\" data-settings=\"{&quot;_position&quot;:&quot;absolute&quot;}\" data-widget_type=\"image.default\">\n\t\t\t\t<div class=\"elementor-widget-container\">\n\t\t\t\t\t\t\t\t\t\t\t\t\t\t\t<img fetchpriority=\"high\" decoding=\"async\" width=\"553\" height=\"470\" src=\"https:\/\/cotton.az\/wp-content\/uploads\/2024\/11\/h1-bg01.png\" class=\"attachment-full size-full wp-image-1638\" alt=\"\" srcset=\"https:\/\/cotton.az\/wp-content\/uploads\/2024\/11\/h1-bg01.png 553w, https:\/\/cotton.az\/wp-content\/uploads\/2024\/11\/h1-bg01-300x255.png 300w\" sizes=\"(max-width: 553px) 100vw, 553px\" \/>\t\t\t\t\t\t\t\t\t\t\t\t\t\t\t<\/div>\n\t\t\t\t<\/div>\n\t\t\t\t\t<\/div>\n\t\t\t\t<\/div>\n\t\t<div class=\"elementor-element elementor-element-ce00796 e-flex e-con-boxed e-con e-parent\" data-id=\"ce00796\" data-element_type=\"container\" data-e-type=\"container\">\n\t\t\t\t\t<div class=\"e-con-inner\">\n\t\t<div class=\"elementor-element elementor-element-44143d1 e-con-full e-flex elementor-invisible e-con e-child\" data-id=\"44143d1\" data-element_type=\"container\" data-e-type=\"container\" data-settings=\"{&quot;animation&quot;:&quot;fadeInLeft&quot;}\">\n\t\t\t\t<div class=\"elementor-element elementor-element-8b33bfe elementor-widget elementor-widget-image\" data-id=\"8b33bfe\" data-element_type=\"widget\" data-e-type=\"widget\" data-widget_type=\"image.default\">\n\t\t\t\t<div class=\"elementor-widget-container\">\n\t\t\t\t\t\t\t\t\t\t\t\t\t\t\t<img decoding=\"async\" width=\"440\" height=\"520\" src=\"https:\/\/cotton.az\/wp-content\/uploads\/2024\/11\/about-3.jpg\" class=\"attachment-full size-full wp-image-2302\" alt=\"\" srcset=\"https:\/\/cotton.az\/wp-content\/uploads\/2024\/11\/about-3.jpg 440w, https:\/\/cotton.az\/wp-content\/uploads\/2024\/11\/about-3-254x300.jpg 254w, https:\/\/cotton.az\/wp-content\/uploads\/2024\/11\/about-3-432x510.jpg 432w\" sizes=\"(max-width: 440px) 100vw, 440px\" \/>\t\t\t\t\t\t\t\t\t\t\t\t\t\t\t<\/div>\n\t\t\t\t<\/div>\n\t\t\t\t<div class=\"elementor-element elementor-element-ada2bcb elementor-absolute elementor-widget elementor-widget-image\" data-id=\"ada2bcb\" data-element_type=\"widget\" data-e-type=\"widget\" data-settings=\"{&quot;_position&quot;:&quot;absolute&quot;}\" data-widget_type=\"image.default\">\n\t\t\t\t<div class=\"elementor-widget-container\">\n\t\t\t\t\t\t\t\t\t\t\t\t\t\t\t<img decoding=\"async\" width=\"320\" height=\"380\" src=\"https:\/\/cotton.az\/wp-content\/uploads\/2024\/11\/about-5.jpg\" class=\"attachment-full size-full wp-image-2303\" alt=\"\" srcset=\"https:\/\/cotton.az\/wp-content\/uploads\/2024\/11\/about-5.jpg 320w, https:\/\/cotton.az\/wp-content\/uploads\/2024\/11\/about-5-253x300.jpg 253w\" sizes=\"(max-width: 320px) 100vw, 320px\" \/>\t\t\t\t\t\t\t\t\t\t\t\t\t\t\t<\/div>\n\t\t\t\t<\/div>\n\t\t\t\t<div class=\"elementor-element elementor-element-18e0f52 elementor-widget__width-auto elementor-absolute elementor-widget elementor-widget-image\" data-id=\"18e0f52\" data-element_type=\"widget\" data-e-type=\"widget\" data-settings=\"{&quot;_position&quot;:&quot;absolute&quot;}\" data-widget_type=\"image.default\">\n\t\t\t\t<div class=\"elementor-widget-container\">\n\t\t\t\t\t\t\t\t\t\t\t\t\t\t\t<img loading=\"lazy\" decoding=\"async\" width=\"93\" height=\"184\" src=\"https:\/\/cotton.az\/wp-content\/uploads\/2024\/11\/h1-bg04.png\" class=\"attachment-full size-full wp-image-1647\" alt=\"\" \/>\t\t\t\t\t\t\t\t\t\t\t\t\t\t\t<\/div>\n\t\t\t\t<\/div>\n\t\t\t\t<\/div>\n\t\t<div class=\"elementor-element elementor-element-30bf4d7 e-con-full e-flex elementor-invisible e-con e-child\" data-id=\"30bf4d7\" data-element_type=\"container\" data-e-type=\"container\" data-settings=\"{&quot;animation&quot;:&quot;fadeInRight&quot;}\">\n\t\t\t\t<div class=\"elementor-element elementor-element-d613321 subtitle-position-above elementor-align-left elementor-widget__width-initial elementor-mobile-align-center elementor-widget elementor-widget-agrile-heading\" data-id=\"d613321\" data-element_type=\"widget\" data-e-type=\"widget\" data-widget_type=\"agrile-heading.default\">\n\t\t\t\t<div class=\"elementor-widget-container\">\n\t\t\t\t\t<div class=\"elementor-heading-wrapper-inner\"><h2 class=\"elementor-heading-title elementor-size-default\">Azerbaijan Cotton Producers Association (ACPA)<\/h2><div class=\"elementor-sub-title\"><span>                <span class=\"elementor-button-icon agrile-subtitle-icon-left\">\n                    <i aria-hidden=\"true\" class=\"agrile-icon- agrile-icon-leaves\"><\/i>                <\/span>\n                About us<\/span><\/div><\/div>\t\t\t\t<\/div>\n\t\t\t\t<\/div>\n\t\t\t\t<div class=\"elementor-element elementor-element-2dc7cc1 elementor-view-stacked elementor-position-inline-start elementor-widget__width-initial elementor-shape-circle elementor-mobile-position-block-start elementor-widget elementor-widget-icon-box\" data-id=\"2dc7cc1\" data-element_type=\"widget\" data-e-type=\"widget\" data-widget_type=\"icon-box.default\">\n\t\t\t\t<div class=\"elementor-widget-container\">\n\t\t\t\t\t    \t\t<div class=\"elementor-icon-box-wrapper\">\n    \t\t\t    \t\t\t<div class=\"elementor-icon-box-icon\">\n                        \t\t\t\t<span class=\"elementor-icon elementor-animation-grow\" >\n    \t\t\t\t<i aria-hidden=\"true\" class=\"agrile-icon- agrile-icon-vegetable-box\"><\/i>    \t\t\t\t<\/span>\n\n    \t\t\t<\/div>\n    \t\t\t    \t\t\t<div class=\"elementor-icon-box-content\">\n    \t\t\t\t<h3 class=\"elementor-icon-box-title\">\n    \t\t\t\t\t<span  >\n    \t\t\t\t\t\tOur Mission    \t\t\t\t\t<\/span>\n    \t\t\t\t<\/h3>\n    \t\t\t\t    \t\t\t\t\t<p class=\"elementor-icon-box-description\">\n    \t\t\t\t\t\tTo promote the development of sustainable cotton production in Azerbaijan in line with international standards.    \t\t\t\t\t<\/p>\n    \t\t\t\t\n                    <!--  Show button link-->\n                        \t\t\t<\/div>\n\n    \t\t   <\/div>\n    \t\t\t\t\t\t<\/div>\n\t\t\t\t<\/div>\n\t\t\t\t<div class=\"elementor-element elementor-element-01ede2e elementor-widget__width-initial elementor-widget elementor-widget-text-editor\" data-id=\"01ede2e\" data-element_type=\"widget\" data-e-type=\"widget\" data-widget_type=\"text-editor.default\">\n\t\t\t\t<div class=\"elementor-widget-container\">\n\t\t\t\t\t\t\t\t\t<p>The Azerbaijan Cotton Producers Association (APIA) is a non-profit organization that promotes sustainable and efficient development in the cotton sector. Our mission is to support environmentally friendly, socially just, and economically viable approaches in cotton production. Our vision is to modernize Azerbaijan\u2019s cotton sector in line with international sustainability standards. Since 20xx, APIA has been operating as a bridge between farmers, exporters, government institutions, and international partners.<\/p>\t\t\t\t\t\t\t\t<\/div>\n\t\t\t\t<\/div>\n\t\t\t\t<div class=\"elementor-element elementor-element-7199391 elementor-mobile-align-center elementor-button-default elementor-widget elementor-widget-button\" data-id=\"7199391\" data-element_type=\"widget\" data-e-type=\"widget\" data-widget_type=\"button.default\">\n\t\t\t\t<div class=\"elementor-widget-container\">\n\t\t\t\t\t\t\t\t\t<div class=\"elementor-button-wrapper\">\n\t\t\t\t\t<a class=\"elementor-button elementor-button-link elementor-size-sm\" href=\"https:\/\/cotton.az\/en\/elaqe\/\">\n\t\t\t\t\t\t<span class=\"elementor-button-content-wrapper\">\n\t\t\t\t\t\t<span class=\"elementor-button-icon\">\n\t\t\t\t<i aria-hidden=\"true\" class=\"agrile-icon- agrile-icon-arrow-r\"><\/i>\t\t\t<\/span>\n\t\t\t\t\t\t\t\t\t<span class=\"elementor-button-text\">Apply now<\/span>\n\t\t\t\t\t<\/span>\n\t\t\t\t\t<\/a>\n\t\t\t\t<\/div>\n\t\t\t\t\t\t\t\t<\/div>\n\t\t\t\t<\/div>\n\t\t\t\t<\/div>\n\t\t\t\t\t<\/div>\n\t\t\t\t<\/div>\n\t\t<div class=\"elementor-element elementor-element-476d5fe e-flex e-con-boxed elementor-invisible e-con e-parent\" data-id=\"476d5fe\" data-element_type=\"container\" data-e-type=\"container\" data-settings=\"{&quot;background_background&quot;:&quot;classic&quot;,&quot;shape_divider_bottom&quot;:&quot;curve&quot;,&quot;shape_divider_bottom_negative&quot;:&quot;yes&quot;,&quot;animation&quot;:&quot;fadeInUp&quot;}\">\n\t\t\t\t\t<div class=\"e-con-inner\">\n\t\t\t\t<div class=\"elementor-shape elementor-shape-bottom\" aria-hidden=\"true\" data-negative=\"true\">\n\t\t\t<svg xmlns=\"http:\/\/www.w3.org\/2000\/svg\" viewbox=\"0 0 1000 100\" preserveaspectratio=\"none\">\n\t<path class=\"elementor-shape-fill\" d=\"M500,97C126.7,96.3,0.8,19.8,0,0v100l1000,0V1C1000,19.4,873.3,97.8,500,97z\"\/>\n<\/svg>\t\t<\/div>\n\t\t\t\t<div class=\"elementor-element elementor-element-3edc572 elementor-agrile-video-style-popup elementor-widget elementor-widget-agrile-video-popup\" data-id=\"3edc572\" data-element_type=\"widget\" data-e-type=\"widget\" data-widget_type=\"agrile-video-popup.default\">\n\t\t\t\t<div class=\"elementor-widget-container\">\n\t\t\t\t\t        <div class=\"elementor-video-wrapper agrile-video-popup\">\n\n            <a class=\"elementor-video-popup\" role=\"button\" href=\"https:\/\/www.youtube.com\/watch?v=LV1eSXiu0pY\" data-effect=\"mfp-zoom-in\">\n                    <span class=\"video-content\">\n                        \n                                            <\/span>\n\n                    <span class=\"elementor-video-icon video-icon-align-before\">\n                    <span class=\"animation animation-1\"> <\/span>\n                    <span class=\"animation animation-2\"> <\/span>\n                    <span class=\"animation animation-3\"> <\/span>\n                    <i aria-hidden=\"true\" class=\"agrile-icon- agrile-icon-play-fill\"><\/i>                    <\/span>\n            <\/a>\n        <\/div>\n        \t\t\t\t<\/div>\n\t\t\t\t<\/div>\n\t\t\t\t<div class=\"elementor-element elementor-element-246f2e8 elementor-widget__width-initial elementor-absolute rotate elementor-widget elementor-widget-text-path\" data-id=\"246f2e8\" data-element_type=\"widget\" data-e-type=\"widget\" data-settings=\"{&quot;text&quot;:&quot;- explore farm video - explore farm video&quot;,&quot;_position&quot;:&quot;absolute&quot;,&quot;link&quot;:{&quot;url&quot;:&quot;&quot;,&quot;is_external&quot;:&quot;&quot;,&quot;nofollow&quot;:&quot;&quot;,&quot;custom_attributes&quot;:&quot;&quot;},&quot;start_point&quot;:{&quot;unit&quot;:&quot;%&quot;,&quot;size&quot;:0,&quot;sizes&quot;:[]}}\" data-widget_type=\"text-path.default\">\n\t\t\t\t<div class=\"elementor-widget-container\">\n\t\t\t\t\t\t\t<div class=\"e-text-path\" data-text=\"- explore farm video - explore farm video\" data-url=\"\/\/cotton.az\/wp-content\/plugins\/elementor\/assets\/svg-paths\/circle.svg\" data-link-url=\"\"><\/div>\n\t\t\t\t\t\t<\/div>\n\t\t\t\t<\/div>\n\t\t\t\t<div class=\"elementor-element elementor-element-6c4659b elementor-widget__width-initial elementor-widget elementor-widget-heading\" data-id=\"6c4659b\" data-element_type=\"widget\" data-e-type=\"widget\" data-widget_type=\"heading.default\">\n\t\t\t\t<div class=\"elementor-widget-container\">\n\t\t\t\t\t<h1 class=\"elementor-heading-title elementor-size-default\">\n                 Better Cotton<\/h1>\t\t\t\t<\/div>\n\t\t\t\t<\/div>\n\t\t\t\t\t<\/div>\n\t\t\t\t<\/div>\n\t\t<div class=\"elementor-element elementor-element-47b4650a e-flex e-con-boxed e-con e-parent\" data-id=\"47b4650a\" data-element_type=\"container\" data-e-type=\"container\" data-settings=\"{&quot;background_background&quot;:&quot;classic&quot;}\">\n\t\t\t\t\t<div class=\"e-con-inner\">\n\t\t\t\t<div class=\"elementor-element elementor-element-1d0a7fcc elementor-widget-divider--view-line elementor-widget elementor-widget-divider\" data-id=\"1d0a7fcc\" data-element_type=\"widget\" data-e-type=\"widget\" data-widget_type=\"divider.default\">\n\t\t\t\t<div class=\"elementor-widget-container\">\n\t\t\t\t\t\t\t<div class=\"elementor-divider\">\n\t\t\t<span class=\"elementor-divider-separator\">\n\t\t\t\t\t\t<\/span>\n\t\t<\/div>\n\t\t\t\t\t\t<\/div>\n\t\t\t\t<\/div>\n\t\t<div class=\"elementor-element elementor-element-64bcd2b9 e-con-full e-flex e-con e-child\" data-id=\"64bcd2b9\" data-element_type=\"container\" data-e-type=\"container\">\n\t\t<div class=\"elementor-element elementor-element-4ff7be09 e-con-full e-flex e-con e-child\" data-id=\"4ff7be09\" data-element_type=\"container\" data-e-type=\"container\">\n\t\t\t\t<div class=\"elementor-element elementor-element-38c1d116 animated-slow elementor-invisible elementor-widget elementor-widget-heading\" data-id=\"38c1d116\" data-element_type=\"widget\" data-e-type=\"widget\" data-settings=\"{&quot;_animation&quot;:&quot;slideInUp&quot;}\" data-widget_type=\"heading.default\">\n\t\t\t\t<div class=\"elementor-widget-container\">\n\t\t\t\t\t<h2 class=\"elementor-heading-title elementor-size-default\">Meet Our Team<\/h2>\t\t\t\t<\/div>\n\t\t\t\t<\/div>\n\t\t\t\t<\/div>\n\t\t<div class=\"elementor-element elementor-element-1af11add e-con-full e-flex e-con e-child\" data-id=\"1af11add\" data-element_type=\"container\" data-e-type=\"container\">\n\t\t\t\t<div class=\"elementor-element elementor-element-5c0493ad elementor-align-left elementor-button-default elementor-widget elementor-widget-button\" data-id=\"5c0493ad\" data-element_type=\"widget\" data-e-type=\"widget\" data-widget_type=\"button.default\">\n\t\t\t\t<div class=\"elementor-widget-container\">\n\t\t\t\t\t\t\t\t\t<div class=\"elementor-button-wrapper\">\n\t\t\t\t\t<a class=\"elementor-button elementor-button-link elementor-size-lg elementor-animation-grow\" href=\"mailto:info@cotton.az\">\n\t\t\t\t\t\t<span class=\"elementor-button-content-wrapper\">\n\t\t\t\t\t\t\t\t\t<span class=\"elementor-button-text\">info@cotton.az<\/span>\n\t\t\t\t\t<\/span>\n\t\t\t\t\t<\/a>\n\t\t\t\t<\/div>\n\t\t\t\t\t\t\t\t<\/div>\n\t\t\t\t<\/div>\n\t\t\t\t<\/div>\n\t\t\t\t<\/div>\n\t\t\t\t\t<\/div>\n\t\t\t\t<\/div>\n\t\t<div class=\"elementor-element elementor-element-81f5903 e-con-full e-flex e-con e-parent\" data-id=\"81f5903\" data-element_type=\"container\" data-e-type=\"container\">\n\t\t<div class=\"elementor-element elementor-element-f3f8e4e e-con-full e-flex e-con e-child\" data-id=\"f3f8e4e\" data-element_type=\"container\" data-e-type=\"container\">\n\t\t\t\t<div class=\"elementor-element elementor-element-e804468 elementor-widget elementor-widget-agrile-image-basic\" data-id=\"e804468\" data-element_type=\"widget\" data-e-type=\"widget\" data-widget_type=\"agrile-image-basic.default\">\n\t\t\t\t<div class=\"elementor-widget-container\">\n\t\t\t\t\t\t\t\t\t\t\t                <div class=\"agrile-elementor-wrapper-image\">\n                    <img loading=\"lazy\" decoding=\"async\" width=\"380\" height=\"540\" src=\"https:\/\/cotton.az\/wp-content\/uploads\/2025\/10\/acpa-team-2.webp\" class=\"attachment-full size-full wp-image-7339\" alt=\"\" srcset=\"https:\/\/cotton.az\/wp-content\/uploads\/2025\/10\/acpa-team-2.webp 380w, https:\/\/cotton.az\/wp-content\/uploads\/2025\/10\/acpa-team-2-211x300.webp 211w, https:\/\/cotton.az\/wp-content\/uploads\/2025\/10\/acpa-team-2-8x12.webp 8w, https:\/\/cotton.az\/wp-content\/uploads\/2025\/10\/acpa-team-2-359x510.webp 359w\" sizes=\"(max-width: 380px) 100vw, 380px\" \/>                <\/div>\n\t\t\t\t\t\t\t\t\t\t\t\t\t\t\t<\/div>\n\t\t\t\t<\/div>\n\t\t\t\t<div class=\"elementor-element elementor-element-9865648 elementor-align-center subtitle-position-below elementor-widget elementor-widget-agrile-heading\" data-id=\"9865648\" data-element_type=\"widget\" data-e-type=\"widget\" data-widget_type=\"agrile-heading.default\">\n\t\t\t\t<div class=\"elementor-widget-container\">\n\t\t\t\t\t<div class=\"elementor-heading-wrapper-inner\"><h2 class=\"elementor-heading-title elementor-size-default\">Farid Firidunov<\/h2><div class=\"elementor-sub-title\"><span>Chairman<\/span><\/div><\/div>\t\t\t\t<\/div>\n\t\t\t\t<\/div>\n\t\t\t\t<\/div>\n\t\t<div class=\"elementor-element elementor-element-c289136 e-con-full e-flex e-con e-child\" data-id=\"c289136\" data-element_type=\"container\" data-e-type=\"container\">\n\t\t\t\t<div class=\"elementor-element elementor-element-46769b8 elementor-widget elementor-widget-agrile-image-basic\" data-id=\"46769b8\" data-element_type=\"widget\" data-e-type=\"widget\" data-widget_type=\"agrile-image-basic.default\">\n\t\t\t\t<div class=\"elementor-widget-container\">\n\t\t\t\t\t\t\t\t\t\t\t                <div class=\"agrile-elementor-wrapper-image\">\n                    <img loading=\"lazy\" decoding=\"async\" width=\"380\" height=\"540\" src=\"https:\/\/cotton.az\/wp-content\/uploads\/2025\/10\/acpa-team-3.webp\" class=\"attachment-full size-full wp-image-7340\" alt=\"\" srcset=\"https:\/\/cotton.az\/wp-content\/uploads\/2025\/10\/acpa-team-3.webp 380w, https:\/\/cotton.az\/wp-content\/uploads\/2025\/10\/acpa-team-3-211x300.webp 211w, https:\/\/cotton.az\/wp-content\/uploads\/2025\/10\/acpa-team-3-8x12.webp 8w, https:\/\/cotton.az\/wp-content\/uploads\/2025\/10\/acpa-team-3-359x510.webp 359w\" sizes=\"(max-width: 380px) 100vw, 380px\" \/>                <\/div>\n\t\t\t\t\t\t\t\t\t\t\t\t\t\t\t<\/div>\n\t\t\t\t<\/div>\n\t\t\t\t<div class=\"elementor-element elementor-element-07d6993 elementor-align-center subtitle-position-below elementor-widget elementor-widget-agrile-heading\" data-id=\"07d6993\" data-element_type=\"widget\" data-e-type=\"widget\" data-widget_type=\"agrile-heading.default\">\n\t\t\t\t<div class=\"elementor-widget-container\">\n\t\t\t\t\t<div class=\"elementor-heading-wrapper-inner\"><h2 class=\"elementor-heading-title elementor-size-default\">Javid Shahmuradov<\/h2><div class=\"elementor-sub-title\"><span>Project Management Coordinator<\/span><\/div><\/div>\t\t\t\t<\/div>\n\t\t\t\t<\/div>\n\t\t\t\t<\/div>\n\t\t<div class=\"elementor-element elementor-element-ed8b4bc e-con-full e-flex e-con e-child\" data-id=\"ed8b4bc\" data-element_type=\"container\" data-e-type=\"container\">\n\t\t\t\t<div class=\"elementor-element elementor-element-9692f60 elementor-widget elementor-widget-agrile-image-basic\" data-id=\"9692f60\" data-element_type=\"widget\" data-e-type=\"widget\" data-widget_type=\"agrile-image-basic.default\">\n\t\t\t\t<div class=\"elementor-widget-container\">\n\t\t\t\t\t\t\t\t\t\t\t                <div class=\"agrile-elementor-wrapper-image\">\n                    <img loading=\"lazy\" decoding=\"async\" width=\"380\" height=\"540\" src=\"https:\/\/cotton.az\/wp-content\/uploads\/2025\/10\/acpa-team-4.webp\" class=\"attachment-full size-full wp-image-7341\" alt=\"\" srcset=\"https:\/\/cotton.az\/wp-content\/uploads\/2025\/10\/acpa-team-4.webp 380w, https:\/\/cotton.az\/wp-content\/uploads\/2025\/10\/acpa-team-4-211x300.webp 211w, https:\/\/cotton.az\/wp-content\/uploads\/2025\/10\/acpa-team-4-8x12.webp 8w, https:\/\/cotton.az\/wp-content\/uploads\/2025\/10\/acpa-team-4-359x510.webp 359w\" sizes=\"(max-width: 380px) 100vw, 380px\" \/>                <\/div>\n\t\t\t\t\t\t\t\t\t\t\t\t\t\t\t<\/div>\n\t\t\t\t<\/div>\n\t\t\t\t<div class=\"elementor-element elementor-element-7c28fc0 elementor-align-center subtitle-position-below elementor-widget elementor-widget-agrile-heading\" data-id=\"7c28fc0\" data-element_type=\"widget\" data-e-type=\"widget\" data-widget_type=\"agrile-heading.default\">\n\t\t\t\t<div class=\"elementor-widget-container\">\n\t\t\t\t\t<div class=\"elementor-heading-wrapper-inner\"><h2 class=\"elementor-heading-title elementor-size-default\">Aykhan Vakilzada<\/h2><div class=\"elementor-sub-title\"><span>Researcher-agronomist<\/span><\/div><\/div>\t\t\t\t<\/div>\n\t\t\t\t<\/div>\n\t\t\t\t<\/div>\n\t\t<div class=\"elementor-element elementor-element-6ded3eb e-con-full e-flex e-con e-child\" data-id=\"6ded3eb\" data-element_type=\"container\" data-e-type=\"container\">\n\t\t\t\t<div class=\"elementor-element elementor-element-2777880 elementor-widget elementor-widget-agrile-image-basic\" data-id=\"2777880\" data-element_type=\"widget\" data-e-type=\"widget\" data-widget_type=\"agrile-image-basic.default\">\n\t\t\t\t<div class=\"elementor-widget-container\">\n\t\t\t\t\t\t\t\t\t\t\t                <div class=\"agrile-elementor-wrapper-image\">\n                    <img loading=\"lazy\" decoding=\"async\" width=\"380\" height=\"540\" src=\"https:\/\/cotton.az\/wp-content\/uploads\/2025\/10\/acpa-team-1-e1760344854633.webp\" class=\"attachment-full size-full wp-image-7338\" alt=\"\" srcset=\"https:\/\/cotton.az\/wp-content\/uploads\/2025\/10\/acpa-team-1-e1760344854633.webp 380w, https:\/\/cotton.az\/wp-content\/uploads\/2025\/10\/acpa-team-1-e1760344854633-211x300.webp 211w, https:\/\/cotton.az\/wp-content\/uploads\/2025\/10\/acpa-team-1-e1760344854633-8x12.webp 8w, https:\/\/cotton.az\/wp-content\/uploads\/2025\/10\/acpa-team-1-e1760344854633-359x510.webp 359w\" sizes=\"(max-width: 380px) 100vw, 380px\" \/>                <\/div>\n\t\t\t\t\t\t\t\t\t\t\t\t\t\t\t<\/div>\n\t\t\t\t<\/div>\n\t\t\t\t<div class=\"elementor-element elementor-element-073ba29 elementor-align-center subtitle-position-below elementor-widget elementor-widget-agrile-heading\" data-id=\"073ba29\" data-element_type=\"widget\" data-e-type=\"widget\" data-widget_type=\"agrile-heading.default\">\n\t\t\t\t<div class=\"elementor-widget-container\">\n\t\t\t\t\t<div class=\"elementor-heading-wrapper-inner\"><h2 class=\"elementor-heading-title elementor-size-default\">Altay Mammadov<\/h2><div class=\"elementor-sub-title\"><span>Project Management Intern<\/span><\/div><\/div>\t\t\t\t<\/div>\n\t\t\t\t<\/div>\n\t\t\t\t<\/div>\n\t\t\t\t<\/div>\n\t\t\t\t<\/div>","protected":false},"excerpt":{"rendered":"<p>Az\u0259rbaycan Pamb\u0131q \u0130stehsal\u00e7\u0131lar\u0131 Assosiasiyas\u0131 Haqq\u0131m\u0131zda Missiyam\u0131z Az\u0259rbaycanda beyn\u0259lxalq standartlara uy\u011fun dayan\u0131ql\u0131 pamb\u0131q istehsal\u0131n\u0131n inki\u015faf\u0131n\u0131 t\u0259\u015fviq etm\u0259kdir. Az\u0259rbaycan Pamb\u0131q \u0130stehsal\u00e7\u0131lar\u0131 Assosiasiyas\u0131 (AP\u0130A), pamb\u0131q sektorunda dayan\u0131ql\u0131 v\u0259 effektiv inki\u015faf\u0131 t\u0259\u015fviq ed\u0259n qeyri-kommersiya t\u0259\u015fkilat\u0131d\u0131r. Missiyam\u0131z \u2013 pamb\u0131q istehsal\u0131nda \u0259traf m\u00fchit\u0259 uy\u011fun, sosial \u0259dal\u0259tli v\u0259 iqtisadi bax\u0131mdan s\u0259m\u0259r\u0259li yana\u015fmalar\u0131 d\u0259st\u0259kl\u0259m\u0259kdir. Vizyonumuz \u2013 Az\u0259rbaycan\u0131n pamb\u0131q\u00e7\u0131l\u0131q sektorunu beyn\u0259lxalq dayan\u0131ql\u0131l\u0131q standartlar\u0131na uy\u011fun [&hellip;]<\/p>\n","protected":false},"author":1,"featured_media":0,"parent":0,"menu_order":0,"comment_status":"closed","ping_status":"closed","template":"","meta":{"footnotes":""},"class_list":["post-14","page","type-page","status-publish","hentry"],"_links":{"self":[{"href":"https:\/\/cotton.az\/en\/wp-json\/wp\/v2\/pages\/14","targetHints":{"allow":["GET"]}}],"collection":[{"href":"https:\/\/cotton.az\/en\/wp-json\/wp\/v2\/pages"}],"about":[{"href":"https:\/\/cotton.az\/en\/wp-json\/wp\/v2\/types\/page"}],"author":[{"embeddable":true,"href":"https:\/\/cotton.az\/en\/wp-json\/wp\/v2\/users\/1"}],"replies":[{"embeddable":true,"href":"https:\/\/cotton.az\/en\/wp-json\/wp\/v2\/comments?post=14"}],"version-history":[{"count":131,"href":"https:\/\/cotton.az\/en\/wp-json\/wp\/v2\/pages\/14\/revisions"}],"predecessor-version":[{"id":7347,"href":"https:\/\/cotton.az\/en\/wp-json\/wp\/v2\/pages\/14\/revisions\/7347"}],"wp:attachment":[{"href":"https:\/\/cotton.az\/en\/wp-json\/wp\/v2\/media?parent=14"}],"curies":[{"name":"wp","href":"https:\/\/api.w.org\/{rel}","templated":true}]}}