{"id":35,"date":"2024-10-31T07:24:48","date_gmt":"2024-10-31T07:24:48","guid":{"rendered":"http:\/\/cotton.az\/?page_id=35"},"modified":"2025-08-15T17:53:55","modified_gmt":"2025-08-15T13:53:55","slug":"xidmetlerimiz","status":"publish","type":"page","link":"https:\/\/cotton.az\/en\/xidmetlerimiz\/","title":{"rendered":"Our services"},"content":{"rendered":"<div data-elementor-type=\"wp-page\" data-elementor-id=\"35\" class=\"elementor elementor-35\" data-elementor-post-type=\"page\">\n\t\t\t\t<div class=\"elementor-element elementor-element-2ed9cb6 e-flex e-con-boxed e-con e-parent\" data-id=\"2ed9cb6\" data-element_type=\"container\" data-e-type=\"container\">\n\t\t\t\t\t<div class=\"e-con-inner\">\n\t\t\t\t<div class=\"elementor-element elementor-element-7a9ccd9 subtitle-position-above elementor-align-center elementor-widget elementor-widget-agrile-heading\" data-id=\"7a9ccd9\" data-element_type=\"widget\" data-e-type=\"widget\" data-widget_type=\"agrile-heading.default\">\n\t\t\t\t<div class=\"elementor-widget-container\">\n\t\t\t\t\t<div class=\"elementor-heading-wrapper-inner\"><h2 class=\"elementor-heading-title elementor-size-default\">What We Provide<\/h2><div class=\"elementor-sub-title\"><span>                <span class=\"elementor-button-icon agrile-subtitle-icon-left\">\n                    <i aria-hidden=\"true\" class=\"agrile-icon- agrile-icon-leaves\"><\/i>                <\/span>\n                OUR SERVICES<\/span><\/div><\/div>\t\t\t\t<\/div>\n\t\t\t\t<\/div>\n\t\t\t\t<div class=\"elementor-element elementor-element-40cc3ec elementor-grid-3 elementor-grid-tablet_extra-2 elementor-grid-mobile-1 elementor-widget elementor-widget-agrile-services\" data-id=\"40cc3ec\" data-element_type=\"widget\" data-e-type=\"widget\" data-settings=\"{&quot;column&quot;:&quot;3&quot;,&quot;column_tablet_extra&quot;:&quot;2&quot;,&quot;column_mobile&quot;:&quot;1&quot;,&quot;column_spacing&quot;:{&quot;unit&quot;:&quot;px&quot;,&quot;size&quot;:30,&quot;sizes&quot;:[]},&quot;column_spacing_laptop&quot;:{&quot;unit&quot;:&quot;px&quot;,&quot;size&quot;:&quot;&quot;,&quot;sizes&quot;:[]},&quot;column_spacing_tablet_extra&quot;:{&quot;unit&quot;:&quot;px&quot;,&quot;size&quot;:&quot;&quot;,&quot;sizes&quot;:[]},&quot;column_spacing_tablet&quot;:{&quot;unit&quot;:&quot;px&quot;,&quot;size&quot;:&quot;&quot;,&quot;sizes&quot;:[]},&quot;column_spacing_mobile_extra&quot;:{&quot;unit&quot;:&quot;px&quot;,&quot;size&quot;:&quot;&quot;,&quot;sizes&quot;:[]},&quot;column_spacing_mobile&quot;:{&quot;unit&quot;:&quot;px&quot;,&quot;size&quot;:&quot;&quot;,&quot;sizes&quot;:[]}}\" data-widget_type=\"agrile-services.default\">\n\t\t\t\t<div class=\"elementor-widget-container\">\n\t\t\t\t\t<div class=\"agrile-service columns-3  elementor-service elementor-service-style1\">\n<div class=\"agrile-con\">\n    <ul class=\"agrile-service elementor-grid\">\n\n<li class=\"service service-style-1\">\n    <div class=\"service-block\">\n                    <div class=\"service-transition\">\n                <div class=\"service-img-wrap bottom-to-top\">\n                    <div class=\"inner\">\n                        <figure class=\"service-image\">\n                            <a href=\"https:\/\/cotton.az\/en\/service\/melumat-ve-bilik-paylasilmasi\/\" title=\"Information and Knowledge\">\n                                <img decoding=\"async\" src=\"https:\/\/cotton.az\/wp-content\/uploads\/2025\/10\/Melumat-ve-bilik.jpg\" class=\"service_thumbnail\" alt=\"M\u0259lumat v\u0259 bilik payla\u015f\u0131lmas\u0131\">\n                            <\/a>\n                        <\/figure>\n                    <\/div>\n                <\/div>\n            <\/div>\n                    <div class=\"service-caption\">\n                            <div class=\"service-image-icon\">\n                    <div class=\"service_icon\">\n                        <img decoding=\"async\" class=\"service_icon_img\" src=\"https:\/\/cotton.az\/wp-content\/uploads\/2024\/11\/calendar-1.svg\" alt=\"\">                    <\/div>\n                <\/div>\n                            <div class=\"service-content-loop\">\n                <h3 class=\"service-loop-title\">\n                    <a href=\"https:\/\/cotton.az\/en\/service\/melumat-ve-bilik-paylasilmasi\/\">Information and Knowledge<\/a>\n                <\/h3>\n                <div class=\"service-content-box\">\n                                    <\/div>\n                <div class=\"service-button\">\n                    <a href=\"https:\/\/cotton.az\/en\/service\/melumat-ve-bilik-paylasilmasi\/\" title=\"Information and Knowledge\"><span>More details<\/span><i class=\"agrile-icon agrile-icon-arrow-r\"><\/i><\/a>\n                <\/div>\n            <\/div>\n        <\/div>\n    <\/div>\n<\/li>\n<li class=\"service service-style-1\">\n    <div class=\"service-block\">\n                    <div class=\"service-transition\">\n                <div class=\"service-img-wrap bottom-to-top\">\n                    <div class=\"inner\">\n                        <figure class=\"service-image\">\n                            <a href=\"https:\/\/cotton.az\/en\/service\/uzvlerle-elaqe-ve-sebekelesme-2\/\" title=\"Membership and Networking\">\n                                <img decoding=\"async\" src=\"https:\/\/cotton.az\/wp-content\/uploads\/2025\/10\/uzvlerle-elaqe-sebekelesme.jpg\" class=\"service_thumbnail\" alt=\"\u00dczvl\u0259rl\u0259 \u0259laq\u0259 v\u0259 \u015f\u0259b\u0259k\u0259l\u0259\u015fm\u0259\">\n                            <\/a>\n                        <\/figure>\n                    <\/div>\n                <\/div>\n            <\/div>\n                    <div class=\"service-caption\">\n                            <div class=\"service-image-icon\">\n                    <div class=\"service_icon\">\n                        <img decoding=\"async\" class=\"service_icon_img\" src=\"https:\/\/cotton.az\/wp-content\/uploads\/2024\/11\/brand-6.svg\" alt=\"\">                    <\/div>\n                <\/div>\n                            <div class=\"service-content-loop\">\n                <h3 class=\"service-loop-title\">\n                    <a href=\"https:\/\/cotton.az\/en\/service\/uzvlerle-elaqe-ve-sebekelesme-2\/\">Membership and Networking<\/a>\n                <\/h3>\n                <div class=\"service-content-box\">\n                                    <\/div>\n                <div class=\"service-button\">\n                    <a href=\"https:\/\/cotton.az\/en\/service\/uzvlerle-elaqe-ve-sebekelesme-2\/\" title=\"Membership and Networking\"><span>More details<\/span><i class=\"agrile-icon agrile-icon-arrow-r\"><\/i><\/a>\n                <\/div>\n            <\/div>\n        <\/div>\n    <\/div>\n<\/li>\n<li class=\"service service-style-1\">\n    <div class=\"service-block\">\n                    <div class=\"service-transition\">\n                <div class=\"service-img-wrap bottom-to-top\">\n                    <div class=\"inner\">\n                        <figure class=\"service-image\">\n                            <a href=\"https:\/\/cotton.az\/en\/service\/lobbicik-fealiyyeti\/\" title=\"Advocacy and Lobbying\">\n                                <img decoding=\"async\" src=\"https:\/\/cotton.az\/wp-content\/uploads\/2025\/10\/Lobbicilik.jpg\" class=\"service_thumbnail\" alt=\"Lobbi\u00e7ilik f\u0259aliyy\u0259ti\">\n                            <\/a>\n                        <\/figure>\n                    <\/div>\n                <\/div>\n            <\/div>\n                    <div class=\"service-caption\">\n                            <div class=\"service-image-icon\">\n                    <div class=\"service_icon\">\n                        <img decoding=\"async\" class=\"service_icon_img\" src=\"https:\/\/cotton.az\/wp-content\/uploads\/2024\/11\/brand-4-1.svg\" alt=\"\">                    <\/div>\n                <\/div>\n                            <div class=\"service-content-loop\">\n                <h3 class=\"service-loop-title\">\n                    <a href=\"https:\/\/cotton.az\/en\/service\/lobbicik-fealiyyeti\/\">Advocacy and Lobbying<\/a>\n                <\/h3>\n                <div class=\"service-content-box\">\n                                    <\/div>\n                <div class=\"service-button\">\n                    <a href=\"https:\/\/cotton.az\/en\/service\/lobbicik-fealiyyeti\/\" title=\"Advocacy and Lobbying\"><span>More details<\/span><i class=\"agrile-icon agrile-icon-arrow-r\"><\/i><\/a>\n                <\/div>\n            <\/div>\n        <\/div>\n    <\/div>\n<\/li>\n<li class=\"service service-style-1\">\n    <div class=\"service-block\">\n                    <div class=\"service-transition\">\n                <div class=\"service-img-wrap bottom-to-top\">\n                    <div class=\"inner\">\n                        <figure class=\"service-image\">\n                            <a href=\"https:\/\/cotton.az\/en\/service\/ticaret-elaqeleri-ve-ixrac\/\" title=\"Trade and Export Support\">\n                                <img decoding=\"async\" src=\"https:\/\/cotton.az\/wp-content\/uploads\/2025\/10\/ixract-ticaret.jpg\" class=\"service_thumbnail\" alt=\"Ticar\u0259t \u0259laq\u0259l\u0259ri v\u0259 ixrac\">\n                            <\/a>\n                        <\/figure>\n                    <\/div>\n                <\/div>\n            <\/div>\n                    <div class=\"service-caption\">\n                            <div class=\"service-image-icon\">\n                    <div class=\"service_icon\">\n                        <img decoding=\"async\" class=\"service_icon_img\" src=\"https:\/\/cotton.az\/wp-content\/uploads\/2024\/11\/brand-4-1.svg\" alt=\"\">                    <\/div>\n                <\/div>\n                            <div class=\"service-content-loop\">\n                <h3 class=\"service-loop-title\">\n                    <a href=\"https:\/\/cotton.az\/en\/service\/ticaret-elaqeleri-ve-ixrac\/\">Trade and Export Support<\/a>\n                <\/h3>\n                <div class=\"service-content-box\">\n                                    <\/div>\n                <div class=\"service-button\">\n                    <a href=\"https:\/\/cotton.az\/en\/service\/ticaret-elaqeleri-ve-ixrac\/\" title=\"Trade and Export Support\"><span>More details<\/span><i class=\"agrile-icon agrile-icon-arrow-r\"><\/i><\/a>\n                <\/div>\n            <\/div>\n        <\/div>\n    <\/div>\n<\/li>\n<li class=\"service service-style-1\">\n    <div class=\"service-block\">\n                    <div class=\"service-transition\">\n                <div class=\"service-img-wrap bottom-to-top\">\n                    <div class=\"inner\">\n                        <figure class=\"service-image\">\n                            <a href=\"https:\/\/cotton.az\/en\/service\/tedqiqat-ve-inkishaf\/\" title=\"Research and Development\">\n                                <img decoding=\"async\" src=\"https:\/\/cotton.az\/wp-content\/uploads\/2025\/10\/arasdirma.jpg\" class=\"service_thumbnail\" alt=\"T\u0259dqiqat v\u0259 inki\u015faf\">\n                            <\/a>\n                        <\/figure>\n                    <\/div>\n                <\/div>\n            <\/div>\n                    <div class=\"service-caption\">\n                            <div class=\"service-image-icon\">\n                    <div class=\"service_icon\">\n                        <img decoding=\"async\" class=\"service_icon_img\" src=\"https:\/\/cotton.az\/wp-content\/uploads\/2024\/11\/gardening-tools.svg\" alt=\"\">                    <\/div>\n                <\/div>\n                            <div class=\"service-content-loop\">\n                <h3 class=\"service-loop-title\">\n                    <a href=\"https:\/\/cotton.az\/en\/service\/tedqiqat-ve-inkishaf\/\">Research and Development<\/a>\n                <\/h3>\n                <div class=\"service-content-box\">\n                                    <\/div>\n                <div class=\"service-button\">\n                    <a href=\"https:\/\/cotton.az\/en\/service\/tedqiqat-ve-inkishaf\/\" title=\"Research and Development\"><span>More details<\/span><i class=\"agrile-icon agrile-icon-arrow-r\"><\/i><\/a>\n                <\/div>\n            <\/div>\n        <\/div>\n    <\/div>\n<\/li>\n<li class=\"service service-style-1\">\n    <div class=\"service-block\">\n                    <div class=\"service-transition\">\n                <div class=\"service-img-wrap bottom-to-top\">\n                    <div class=\"inner\">\n                        <figure class=\"service-image\">\n                            <a href=\"https:\/\/cotton.az\/en\/service\/sertifikatlashdirma-desteyi\/\" title=\"Certification Support\">\n                                <img decoding=\"async\" src=\"https:\/\/cotton.az\/wp-content\/uploads\/2025\/10\/sertifikat.jpg\" class=\"service_thumbnail\" alt=\"Sertifikatla\u015fd\u0131rma d\u0259st\u0259yi\">\n                            <\/a>\n                        <\/figure>\n                    <\/div>\n                <\/div>\n            <\/div>\n                    <div class=\"service-caption\">\n                            <div class=\"service-image-icon\">\n                    <div class=\"service_icon\">\n                        <img decoding=\"async\" class=\"service_icon_img\" src=\"https:\/\/cotton.az\/wp-content\/uploads\/2024\/11\/calendar-1.svg\" alt=\"\">                    <\/div>\n                <\/div>\n                            <div class=\"service-content-loop\">\n                <h3 class=\"service-loop-title\">\n                    <a href=\"https:\/\/cotton.az\/en\/service\/sertifikatlashdirma-desteyi\/\">Certification Support<\/a>\n                <\/h3>\n                <div class=\"service-content-box\">\n                                    <\/div>\n                <div class=\"service-button\">\n                    <a href=\"https:\/\/cotton.az\/en\/service\/sertifikatlashdirma-desteyi\/\" title=\"Certification Support\"><span>More details<\/span><i class=\"agrile-icon agrile-icon-arrow-r\"><\/i><\/a>\n                <\/div>\n            <\/div>\n        <\/div>\n    <\/div>\n<\/li>\n<li class=\"service service-style-1\">\n    <div class=\"service-block\">\n                    <div class=\"service-transition\">\n                <div class=\"service-img-wrap bottom-to-top\">\n                    <div class=\"inner\">\n                        <figure class=\"service-image\">\n                            <a href=\"https:\/\/cotton.az\/en\/service\/dayaniqli-istehsalin-teblighati\/\" title=\"Sustainable Production\">\n                                <img decoding=\"async\" src=\"https:\/\/cotton.az\/wp-content\/uploads\/2024\/10\/placeholder-1024x614.jpg\" class=\"service_thumbnail\" alt=\"Dayan\u0131ql\u0131 istehsal\u0131n t\u0259bli\u011fat\u0131\">\n                            <\/a>\n                        <\/figure>\n                    <\/div>\n                <\/div>\n            <\/div>\n                    <div class=\"service-caption\">\n                            <div class=\"service-image-icon\">\n                    <div class=\"service_icon\">\n                        <img decoding=\"async\" class=\"service_icon_img\" src=\"https:\/\/cotton.az\/wp-content\/uploads\/2024\/11\/icon-s9.svg\" alt=\"\">                    <\/div>\n                <\/div>\n                            <div class=\"service-content-loop\">\n                <h3 class=\"service-loop-title\">\n                    <a href=\"https:\/\/cotton.az\/en\/service\/dayaniqli-istehsalin-teblighati\/\">Sustainable Production<\/a>\n                <\/h3>\n                <div class=\"service-content-box\">\n                                    <\/div>\n                <div class=\"service-button\">\n                    <a href=\"https:\/\/cotton.az\/en\/service\/dayaniqli-istehsalin-teblighati\/\" title=\"Sustainable Production\"><span>More details<\/span><i class=\"agrile-icon agrile-icon-arrow-r\"><\/i><\/a>\n                <\/div>\n            <\/div>\n        <\/div>\n    <\/div>\n<\/li>\n<li class=\"service service-style-1\">\n    <div class=\"service-block\">\n                    <div class=\"service-transition\">\n                <div class=\"service-img-wrap bottom-to-top\">\n                    <div class=\"inner\">\n                        <figure class=\"service-image\">\n                            <a href=\"https:\/\/cotton.az\/en\/service\/texniki-meslehet-ve-sahe-desteyi\/\" title=\"Technical support\">\n                                <img decoding=\"async\" src=\"https:\/\/cotton.az\/wp-content\/uploads\/2024\/10\/placeholder-1024x614.jpg\" class=\"service_thumbnail\" alt=\"Texniki m\u0259sl\u0259h\u0259t v\u0259 sah\u0259 d\u0259st\u0259yi\">\n                            <\/a>\n                        <\/figure>\n                    <\/div>\n                <\/div>\n            <\/div>\n                    <div class=\"service-caption\">\n                            <div class=\"service-image-icon\">\n                    <div class=\"service_icon\">\n                        <img decoding=\"async\" class=\"service_icon_img\" src=\"https:\/\/cotton.az\/wp-content\/uploads\/2024\/11\/icon-s9.svg\" alt=\"\">                    <\/div>\n                <\/div>\n                            <div class=\"service-content-loop\">\n                <h3 class=\"service-loop-title\">\n                    <a href=\"https:\/\/cotton.az\/en\/service\/texniki-meslehet-ve-sahe-desteyi\/\">Technical support<\/a>\n                <\/h3>\n                <div class=\"service-content-box\">\n                                    <\/div>\n                <div class=\"service-button\">\n                    <a href=\"https:\/\/cotton.az\/en\/service\/texniki-meslehet-ve-sahe-desteyi\/\" title=\"Technical support\"><span>More details<\/span><i class=\"agrile-icon agrile-icon-arrow-r\"><\/i><\/a>\n                <\/div>\n            <\/div>\n        <\/div>\n    <\/div>\n<\/li>\n<li class=\"service service-style-1\">\n    <div class=\"service-block\">\n                    <div class=\"service-transition\">\n                <div class=\"service-img-wrap bottom-to-top\">\n                    <div class=\"inner\">\n                        <figure class=\"service-image\">\n                            <a href=\"https:\/\/cotton.az\/en\/service\/telim-ve-potensialin-artirilmasi\/\" title=\"Training and Capacity Building\">\n                                <img decoding=\"async\" src=\"https:\/\/cotton.az\/wp-content\/uploads\/2024\/10\/placeholder-1024x614.jpg\" class=\"service_thumbnail\" alt=\"T\u0259lim v\u0259 potensial\u0131n art\u0131r\u0131lmas\u0131\">\n                            <\/a>\n                        <\/figure>\n                    <\/div>\n                <\/div>\n            <\/div>\n                    <div class=\"service-caption\">\n                            <div class=\"service-image-icon\">\n                    <div class=\"service_icon\">\n                        <img decoding=\"async\" class=\"service_icon_img\" src=\"https:\/\/cotton.az\/wp-content\/uploads\/2024\/11\/icon-s7.svg\" alt=\"\">                    <\/div>\n                <\/div>\n                            <div class=\"service-content-loop\">\n                <h3 class=\"service-loop-title\">\n                    <a href=\"https:\/\/cotton.az\/en\/service\/telim-ve-potensialin-artirilmasi\/\">Training and Capacity Building<\/a>\n                <\/h3>\n                <div class=\"service-content-box\">\n                                    <\/div>\n                <div class=\"service-button\">\n                    <a href=\"https:\/\/cotton.az\/en\/service\/telim-ve-potensialin-artirilmasi\/\" title=\"Training and Capacity Building\"><span>More details<\/span><i class=\"agrile-icon agrile-icon-arrow-r\"><\/i><\/a>\n                <\/div>\n            <\/div>\n        <\/div>\n    <\/div>\n<\/li>\n    <\/ul>\n<\/div><\/div>\t\t\t\t<\/div>\n\t\t\t\t<\/div>\n\t\t\t\t\t<\/div>\n\t\t\t\t<\/div>\n\t\t\t\t<\/div>","protected":false},"excerpt":{"rendered":"<p>What We Provide OUR SERVICES M\u0259lumat v\u0259 bilik payla\u015f\u0131lmas\u0131 More details \u00dczvl\u0259rl\u0259 \u0259laq\u0259 v\u0259 \u015f\u0259b\u0259k\u0259l\u0259\u015fm\u0259 More details Lobbi\u00e7ilik f\u0259aliyy\u0259ti More details Ticar\u0259t \u0259laq\u0259l\u0259ri v\u0259 ixrac More details T\u0259dqiqat v\u0259 inki\u015faf More details Sertifikatla\u015fd\u0131rma d\u0259st\u0259yi More details Dayan\u0131ql\u0131 istehsal\u0131n t\u0259bli\u011fat\u0131 More details Texniki m\u0259sl\u0259h\u0259t v\u0259 sah\u0259 d\u0259st\u0259yi More details T\u0259lim v\u0259 potensial\u0131n art\u0131r\u0131lmas\u0131 More details<\/p>","protected":false},"author":1,"featured_media":0,"parent":0,"menu_order":0,"comment_status":"closed","ping_status":"closed","template":"","meta":{"footnotes":""},"class_list":["post-35","page","type-page","status-publish","hentry"],"_links":{"self":[{"href":"https:\/\/cotton.az\/en\/wp-json\/wp\/v2\/pages\/35","targetHints":{"allow":["GET"]}}],"collection":[{"href":"https:\/\/cotton.az\/en\/wp-json\/wp\/v2\/pages"}],"about":[{"href":"https:\/\/cotton.az\/en\/wp-json\/wp\/v2\/types\/page"}],"author":[{"embeddable":true,"href":"https:\/\/cotton.az\/en\/wp-json\/wp\/v2\/users\/1"}],"replies":[{"embeddable":true,"href":"https:\/\/cotton.az\/en\/wp-json\/wp\/v2\/comments?post=35"}],"version-history":[{"count":11,"href":"https:\/\/cotton.az\/en\/wp-json\/wp\/v2\/pages\/35\/revisions"}],"predecessor-version":[{"id":5959,"href":"https:\/\/cotton.az\/en\/wp-json\/wp\/v2\/pages\/35\/revisions\/5959"}],"wp:attachment":[{"href":"https:\/\/cotton.az\/en\/wp-json\/wp\/v2\/media?parent=35"}],"curies":[{"name":"wp","href":"https:\/\/api.w.org\/{rel}","templated":true}]}}