{"id":6100,"date":"2025-08-26T10:19:24","date_gmt":"2025-08-26T06:19:24","guid":{"rendered":"https:\/\/cotton.az\/?page_id=6100"},"modified":"2025-08-26T10:23:52","modified_gmt":"2025-08-26T06:23:52","slug":"bloq-xeberler-2","status":"publish","type":"page","link":"https:\/\/cotton.az\/en\/bloq-xeberler-2\/","title":{"rendered":"Blog &amp; News"},"content":{"rendered":"<div data-elementor-type=\"wp-page\" data-elementor-id=\"6100\" class=\"elementor elementor-6100\" data-elementor-post-type=\"page\">\n\t\t\t\t<div class=\"elementor-element elementor-element-8ffb27e e-flex e-con-boxed e-con e-parent\" data-id=\"8ffb27e\" data-element_type=\"container\" data-e-type=\"container\">\n\t\t\t\t\t<div class=\"e-con-inner\">\n\t\t\t\t<div class=\"elementor-element elementor-element-8586444 elementor-grid-3 elementor-grid-tablet-2 elementor-grid-mobile-1 elementor-posts--thumbnail-top elementor-card-shadow-yes elementor-posts__hover-gradient elementor-widget elementor-widget-posts\" data-id=\"8586444\" data-element_type=\"widget\" data-e-type=\"widget\" data-settings=\"{&quot;cards_columns&quot;:&quot;3&quot;,&quot;cards_columns_tablet&quot;:&quot;2&quot;,&quot;cards_columns_mobile&quot;:&quot;1&quot;,&quot;cards_row_gap&quot;:{&quot;unit&quot;:&quot;px&quot;,&quot;size&quot;:35,&quot;sizes&quot;:[]},&quot;cards_row_gap_laptop&quot;:{&quot;unit&quot;:&quot;px&quot;,&quot;size&quot;:&quot;&quot;,&quot;sizes&quot;:[]},&quot;cards_row_gap_tablet_extra&quot;:{&quot;unit&quot;:&quot;px&quot;,&quot;size&quot;:&quot;&quot;,&quot;sizes&quot;:[]},&quot;cards_row_gap_tablet&quot;:{&quot;unit&quot;:&quot;px&quot;,&quot;size&quot;:&quot;&quot;,&quot;sizes&quot;:[]},&quot;cards_row_gap_mobile_extra&quot;:{&quot;unit&quot;:&quot;px&quot;,&quot;size&quot;:&quot;&quot;,&quot;sizes&quot;:[]},&quot;cards_row_gap_mobile&quot;:{&quot;unit&quot;:&quot;px&quot;,&quot;size&quot;:&quot;&quot;,&quot;sizes&quot;:[]}}\" data-widget_type=\"posts.cards\">\n\t\t\t\t<div class=\"elementor-widget-container\">\n\t\t\t\t\t\t\t<div class=\"elementor-posts-container elementor-posts elementor-posts--skin-cards elementor-grid\" role=\"list\">\n\t\t\t\t<article class=\"elementor-post elementor-grid-item post-7527 post type-post status-publish format-standard has-post-thumbnail hentry category-xbr tag-apia tag-bci tag-better-cotton tag-pambiqciliq\" role=\"listitem\">\n\t\t\t<div class=\"elementor-post__card\">\n\t\t\t\t<a class=\"elementor-post__thumbnail__link\" href=\"https:\/\/cotton.az\/en\/k%c9%99nd-t%c9%99s%c9%99rrufati-m%c9%99hsullarinin-istehsali-v%c9%99-emali-sah%c9%99sind%c9%99-sahibkarliq-f%c9%99aliyy%c9%99tin%c9%99-mane%c9%99l%c9%99rin-mu%c9%99yy%c9%99nl%c9%99sdirilm%c9%99si-uzr\/\" tabindex=\"-1\" ><div class=\"elementor-post__thumbnail\"><img fetchpriority=\"high\" decoding=\"async\" width=\"2508\" height=\"1672\" src=\"https:\/\/cotton.az\/wp-content\/uploads\/2025\/10\/1.3KT01.jpg\" class=\"attachment-full size-full wp-image-7528\" alt=\"\" srcset=\"https:\/\/cotton.az\/wp-content\/uploads\/2025\/10\/1.3KT01.jpg 2508w, https:\/\/cotton.az\/wp-content\/uploads\/2025\/10\/1.3KT01-300x200.jpg 300w, https:\/\/cotton.az\/wp-content\/uploads\/2025\/10\/1.3KT01-1024x683.jpg 1024w, https:\/\/cotton.az\/wp-content\/uploads\/2025\/10\/1.3KT01-768x512.jpg 768w, https:\/\/cotton.az\/wp-content\/uploads\/2025\/10\/1.3KT01-1536x1024.jpg 1536w, https:\/\/cotton.az\/wp-content\/uploads\/2025\/10\/1.3KT01-2048x1365.jpg 2048w, https:\/\/cotton.az\/wp-content\/uploads\/2025\/10\/1.3KT01-18x12.jpg 18w, https:\/\/cotton.az\/wp-content\/uploads\/2025\/10\/1.3KT01-765x510.jpg 765w\" sizes=\"(max-width: 2508px) 100vw, 2508px\" \/><\/div><\/a>\n\t\t\t\t<div class=\"elementor-post__badge\">News<\/div>\n\t\t\t\t<div class=\"elementor-post__text\">\n\t\t\t\t<h3 class=\"elementor-post__title\">\n\t\t\t<a href=\"https:\/\/cotton.az\/en\/k%c9%99nd-t%c9%99s%c9%99rrufati-m%c9%99hsullarinin-istehsali-v%c9%99-emali-sah%c9%99sind%c9%99-sahibkarliq-f%c9%99aliyy%c9%99tin%c9%99-mane%c9%99l%c9%99rin-mu%c9%99yy%c9%99nl%c9%99sdirilm%c9%99si-uzr\/\" >\n\t\t\t\tA meeting of the Subgroup on Identifying Barriers to Entrepreneurial Activity in the Field of Agricultural Production and Processing was held.\t\t\t<\/a>\n\t\t<\/h3>\n\t\t\n\t\t<a class=\"elementor-post__read-more\" href=\"https:\/\/cotton.az\/en\/k%c9%99nd-t%c9%99s%c9%99rrufati-m%c9%99hsullarinin-istehsali-v%c9%99-emali-sah%c9%99sind%c9%99-sahibkarliq-f%c9%99aliyy%c9%99tin%c9%99-mane%c9%99l%c9%99rin-mu%c9%99yy%c9%99nl%c9%99sdirilm%c9%99si-uzr\/\" aria-label=\"Read more about K\u0259nd t\u0259s\u0259rr\u00fcfat\u0131 m\u0259hsullar\u0131n\u0131n istehsal\u0131 v\u0259 emal\u0131 sah\u0259sind\u0259 sahibkarl\u0131q f\u0259aliyy\u0259tin\u0259 mane\u0259l\u0259rin m\u00fc\u0259yy\u0259nl\u0259\u015fdirilm\u0259si \u00fczr\u0259 Altqrupun g\u00f6r\u00fc\u015f\u00fc ke\u00e7irilib\" tabindex=\"-1\" >\n\t\t\tRead more \u00bb\t\t<\/a>\n\n\t\t\t\t<\/div>\n\t\t\t\t\t<\/div>\n\t\t<\/article>\n\t\t\t\t<article class=\"elementor-post elementor-grid-item post-6533 post type-post status-publish format-standard has-post-thumbnail hentry category-xbr tag-apia tag-bci tag-better-cotton tag-pambiqciliq tag-subsidiya\" role=\"listitem\">\n\t\t\t<div class=\"elementor-post__card\">\n\t\t\t\t<a class=\"elementor-post__thumbnail__link\" href=\"https:\/\/cotton.az\/en\/aqrar-subsidiya-surasi-2026-ci-il-ucun-subsidiya-%c9%99msallarini-aciqlayib\/\" tabindex=\"-1\" ><div class=\"elementor-post__thumbnail\"><img decoding=\"async\" width=\"740\" height=\"500\" src=\"https:\/\/cotton.az\/wp-content\/uploads\/2025\/09\/izTzNbWng2ie9o7gOiIgyDQs6Qb9Cg3xTsrxz4lC.png\" class=\"attachment-full size-full wp-image-6535\" alt=\"\" srcset=\"https:\/\/cotton.az\/wp-content\/uploads\/2025\/09\/izTzNbWng2ie9o7gOiIgyDQs6Qb9Cg3xTsrxz4lC.png 740w, https:\/\/cotton.az\/wp-content\/uploads\/2025\/09\/izTzNbWng2ie9o7gOiIgyDQs6Qb9Cg3xTsrxz4lC-300x203.png 300w, https:\/\/cotton.az\/wp-content\/uploads\/2025\/09\/izTzNbWng2ie9o7gOiIgyDQs6Qb9Cg3xTsrxz4lC-18x12.png 18w\" sizes=\"(max-width: 740px) 100vw, 740px\" \/><\/div><\/a>\n\t\t\t\t<div class=\"elementor-post__badge\">News<\/div>\n\t\t\t\t<div class=\"elementor-post__text\">\n\t\t\t\t<h3 class=\"elementor-post__title\">\n\t\t\t<a href=\"https:\/\/cotton.az\/en\/aqrar-subsidiya-surasi-2026-ci-il-ucun-subsidiya-%c9%99msallarini-aciqlayib\/\" >\n\t\t\t\tThe Agrarian Subsidy Council has announced the subsidy coefficients for 2026.\t\t\t<\/a>\n\t\t<\/h3>\n\t\t\n\t\t<a class=\"elementor-post__read-more\" href=\"https:\/\/cotton.az\/en\/aqrar-subsidiya-surasi-2026-ci-il-ucun-subsidiya-%c9%99msallarini-aciqlayib\/\" aria-label=\"Read more about Aqrar Subsidiya \u015euras\u0131 2026-c\u0131 il \u00fc\u00e7\u00fcn subsidiya \u0259msallar\u0131n\u0131 a\u00e7\u0131qlay\u0131b\" tabindex=\"-1\" >\n\t\t\tRead more \u00bb\t\t<\/a>\n\n\t\t\t\t<\/div>\n\t\t\t\t\t<\/div>\n\t\t<\/article>\n\t\t\t\t<article class=\"elementor-post elementor-grid-item post-6093 post type-post status-publish format-standard has-post-thumbnail hentry category-xbr tag-apia tag-bci tag-better-cotton tag-bmtbeti tag-pambiqciliq\" role=\"listitem\">\n\t\t\t<div class=\"elementor-post__card\">\n\t\t\t\t<a class=\"elementor-post__thumbnail__link\" href=\"https:\/\/cotton.az\/en\/bmtbeti-d%c9%99-better-cotton-initiative-%c9%99-olk%c9%99-uzvluyunun-%c9%99ld%c9%99-edilm%c9%99si-il%c9%99-bagli-ilkin-t%c9%99qdimat-prosesi-bas-tutub\/\" tabindex=\"-1\" ><div class=\"elementor-post__thumbnail\"><img decoding=\"async\" width=\"1290\" height=\"774\" src=\"https:\/\/cotton.az\/wp-content\/uploads\/2025\/08\/Cotton.az-Bloge-Image-2.jpg\" class=\"attachment-full size-full wp-image-6094\" alt=\"\" srcset=\"https:\/\/cotton.az\/wp-content\/uploads\/2025\/08\/Cotton.az-Bloge-Image-2.jpg 1290w, https:\/\/cotton.az\/wp-content\/uploads\/2025\/08\/Cotton.az-Bloge-Image-2-300x180.jpg 300w, https:\/\/cotton.az\/wp-content\/uploads\/2025\/08\/Cotton.az-Bloge-Image-2-1024x614.jpg 1024w, https:\/\/cotton.az\/wp-content\/uploads\/2025\/08\/Cotton.az-Bloge-Image-2-768x461.jpg 768w, https:\/\/cotton.az\/wp-content\/uploads\/2025\/08\/Cotton.az-Bloge-Image-2-18x12.jpg 18w, https:\/\/cotton.az\/wp-content\/uploads\/2025\/08\/Cotton.az-Bloge-Image-2-850x510.jpg 850w\" sizes=\"(max-width: 1290px) 100vw, 1290px\" \/><\/div><\/a>\n\t\t\t\t<div class=\"elementor-post__badge\">News<\/div>\n\t\t\t\t<div class=\"elementor-post__text\">\n\t\t\t\t<h3 class=\"elementor-post__title\">\n\t\t\t<a href=\"https:\/\/cotton.az\/en\/bmtbeti-d%c9%99-better-cotton-initiative-%c9%99-olk%c9%99-uzvluyunun-%c9%99ld%c9%99-edilm%c9%99si-il%c9%99-bagli-ilkin-t%c9%99qdimat-prosesi-bas-tutub\/\" >\n\t\t\t\tThe initial presentation process regarding the country\u2019s membership in the \u201cBetter Cotton Initiative\u201d has taken place at BMTBETI\t\t\t<\/a>\n\t\t<\/h3>\n\t\t\n\t\t<a class=\"elementor-post__read-more\" href=\"https:\/\/cotton.az\/en\/bmtbeti-d%c9%99-better-cotton-initiative-%c9%99-olk%c9%99-uzvluyunun-%c9%99ld%c9%99-edilm%c9%99si-il%c9%99-bagli-ilkin-t%c9%99qdimat-prosesi-bas-tutub\/\" aria-label=\"Read more about BMTBET\u0130-d\u0259 \u201cBETTER COTTON \u0130N\u0130T\u0130AT\u0130VE\u201d \u018f \u00d6LK\u018f \u00dcZVL\u00dcY\u00dcN\u00dcN \u018fLD\u018f ED\u0130LM\u018fS\u0130 \u0130L\u018f BA\u011eLI \u0130LK\u0130N T\u018fQD\u0130MAT PROSES\u0130 BA\u015e TUTUB\" tabindex=\"-1\" >\n\t\t\tRead more \u00bb\t\t<\/a>\n\n\t\t\t\t<\/div>\n\t\t\t\t\t<\/div>\n\t\t<\/article>\n\t\t\t\t<article class=\"elementor-post elementor-grid-item post-6089 post type-post status-publish format-standard has-post-thumbnail hentry category-xbr tag-apia tag-bci tag-better-cotton tag-pambiqciliq\" role=\"listitem\">\n\t\t\t<div class=\"elementor-post__card\">\n\t\t\t\t<a class=\"elementor-post__thumbnail__link\" href=\"https:\/\/cotton.az\/en\/better-cotton-initiative-t%c9%99skilatina-uzvluyu-movzusunda-muzakir%c9%99l%c9%99r-aparilib\/\" tabindex=\"-1\" ><div class=\"elementor-post__thumbnail\"><img loading=\"lazy\" decoding=\"async\" width=\"1290\" height=\"774\" src=\"https:\/\/cotton.az\/wp-content\/uploads\/2025\/08\/Cotton.az-Bloge-Image-1.jpg\" class=\"attachment-full size-full wp-image-6090\" alt=\"\" srcset=\"https:\/\/cotton.az\/wp-content\/uploads\/2025\/08\/Cotton.az-Bloge-Image-1.jpg 1290w, https:\/\/cotton.az\/wp-content\/uploads\/2025\/08\/Cotton.az-Bloge-Image-1-300x180.jpg 300w, https:\/\/cotton.az\/wp-content\/uploads\/2025\/08\/Cotton.az-Bloge-Image-1-1024x614.jpg 1024w, https:\/\/cotton.az\/wp-content\/uploads\/2025\/08\/Cotton.az-Bloge-Image-1-768x461.jpg 768w, https:\/\/cotton.az\/wp-content\/uploads\/2025\/08\/Cotton.az-Bloge-Image-1-18x12.jpg 18w, https:\/\/cotton.az\/wp-content\/uploads\/2025\/08\/Cotton.az-Bloge-Image-1-850x510.jpg 850w\" sizes=\"(max-width: 1290px) 100vw, 1290px\" \/><\/div><\/a>\n\t\t\t\t<div class=\"elementor-post__badge\">News<\/div>\n\t\t\t\t<div class=\"elementor-post__text\">\n\t\t\t\t<h3 class=\"elementor-post__title\">\n\t\t\t<a href=\"https:\/\/cotton.az\/en\/better-cotton-initiative-t%c9%99skilatina-uzvluyu-movzusunda-muzakir%c9%99l%c9%99r-aparilib\/\" >\n\t\t\t\tDiscussions were held on membership in the Better Cotton Initiative organization.\t\t\t<\/a>\n\t\t<\/h3>\n\t\t\n\t\t<a class=\"elementor-post__read-more\" href=\"https:\/\/cotton.az\/en\/better-cotton-initiative-t%c9%99skilatina-uzvluyu-movzusunda-muzakir%c9%99l%c9%99r-aparilib\/\" aria-label=\"Read more about BETTER COTTON IN\u0130T\u0130AT\u0130VE T\u018f\u015eK\u0130LATINA \u00dcZVL\u00dcY\u00dc M\u00d6VZUSUNDA M\u00dcZAK\u0130R\u018fL\u018fR APARILIB\" tabindex=\"-1\" >\n\t\t\tRead more \u00bb\t\t<\/a>\n\n\t\t\t\t<\/div>\n\t\t\t\t\t<\/div>\n\t\t<\/article>\n\t\t\t\t<article class=\"elementor-post elementor-grid-item post-6085 post type-post status-publish format-standard has-post-thumbnail hentry category-xbr tag-apia tag-bci tag-better-cotton tag-pambiqciliq\" role=\"listitem\">\n\t\t\t<div class=\"elementor-post__card\">\n\t\t\t\t<a class=\"elementor-post__thumbnail__link\" href=\"https:\/\/cotton.az\/en\/k%c9%99nd-t%c9%99s%c9%99rrufati-nazirliyind%c9%99-pambiqciliga-h%c9%99sr-olunmus-iclas-kecirilib\/\" tabindex=\"-1\" ><div class=\"elementor-post__thumbnail\"><img loading=\"lazy\" decoding=\"async\" width=\"1290\" height=\"774\" src=\"https:\/\/cotton.az\/wp-content\/uploads\/2025\/08\/Cotton.az-Bloge-Image.jpg\" class=\"attachment-full size-full wp-image-6086\" alt=\"\" srcset=\"https:\/\/cotton.az\/wp-content\/uploads\/2025\/08\/Cotton.az-Bloge-Image.jpg 1290w, https:\/\/cotton.az\/wp-content\/uploads\/2025\/08\/Cotton.az-Bloge-Image-300x180.jpg 300w, https:\/\/cotton.az\/wp-content\/uploads\/2025\/08\/Cotton.az-Bloge-Image-1024x614.jpg 1024w, https:\/\/cotton.az\/wp-content\/uploads\/2025\/08\/Cotton.az-Bloge-Image-768x461.jpg 768w, https:\/\/cotton.az\/wp-content\/uploads\/2025\/08\/Cotton.az-Bloge-Image-18x12.jpg 18w, https:\/\/cotton.az\/wp-content\/uploads\/2025\/08\/Cotton.az-Bloge-Image-850x510.jpg 850w\" sizes=\"(max-width: 1290px) 100vw, 1290px\" \/><\/div><\/a>\n\t\t\t\t<div class=\"elementor-post__badge\">News<\/div>\n\t\t\t\t<div class=\"elementor-post__text\">\n\t\t\t\t<h3 class=\"elementor-post__title\">\n\t\t\t<a href=\"https:\/\/cotton.az\/en\/k%c9%99nd-t%c9%99s%c9%99rrufati-nazirliyind%c9%99-pambiqciliga-h%c9%99sr-olunmus-iclas-kecirilib\/\" >\n\t\t\t\tA meeting dedicated to cotton growing was held at the Ministry of Agriculture\t\t\t<\/a>\n\t\t<\/h3>\n\t\t\n\t\t<a class=\"elementor-post__read-more\" href=\"https:\/\/cotton.az\/en\/k%c9%99nd-t%c9%99s%c9%99rrufati-nazirliyind%c9%99-pambiqciliga-h%c9%99sr-olunmus-iclas-kecirilib\/\" aria-label=\"Read more about K\u0259nd T\u0259s\u0259rr\u00fcfat\u0131 Nazirliyind\u0259 pamb\u0131q\u00e7\u0131l\u0131\u011fa h\u0259sr olunmu\u015f iclas ke\u00e7irilib\" tabindex=\"-1\" >\n\t\t\tRead more \u00bb\t\t<\/a>\n\n\t\t\t\t<\/div>\n\t\t\t\t\t<\/div>\n\t\t<\/article>\n\t\t\t\t<article class=\"elementor-post elementor-grid-item post-6071 post type-post status-publish format-standard has-post-thumbnail hentry category-xbr tag-apia tag-bci tag-better-cotton tag-iqlim tag-pambiqciliq\" role=\"listitem\">\n\t\t\t<div class=\"elementor-post__card\">\n\t\t\t\t<a class=\"elementor-post__thumbnail__link\" href=\"https:\/\/cotton.az\/en\/yerli-v%c9%99-xarici-pambiq-sortlarinin-intensiv-bec%c9%99rm%c9%99-s%c9%99raitind%c9%99-abiotik-v%c9%99-biotik-stres-amill%c9%99rin%c9%99-davamliligi-m%c9%99hsuldarliq-gost%c9%99ricil%c9%99r\/\" tabindex=\"-1\" ><div class=\"elementor-post__thumbnail\"><img loading=\"lazy\" decoding=\"async\" width=\"1290\" height=\"774\" src=\"https:\/\/cotton.az\/wp-content\/uploads\/2025\/08\/10.jpg\" class=\"attachment-full size-full wp-image-6082\" alt=\"\" srcset=\"https:\/\/cotton.az\/wp-content\/uploads\/2025\/08\/10.jpg 1290w, https:\/\/cotton.az\/wp-content\/uploads\/2025\/08\/10-300x180.jpg 300w, https:\/\/cotton.az\/wp-content\/uploads\/2025\/08\/10-1024x614.jpg 1024w, https:\/\/cotton.az\/wp-content\/uploads\/2025\/08\/10-768x461.jpg 768w, https:\/\/cotton.az\/wp-content\/uploads\/2025\/08\/10-18x12.jpg 18w, https:\/\/cotton.az\/wp-content\/uploads\/2025\/08\/10-850x510.jpg 850w\" sizes=\"(max-width: 1290px) 100vw, 1290px\" \/><\/div><\/a>\n\t\t\t\t<div class=\"elementor-post__badge\">News<\/div>\n\t\t\t\t<div class=\"elementor-post__text\">\n\t\t\t\t<h3 class=\"elementor-post__title\">\n\t\t\t<a href=\"https:\/\/cotton.az\/en\/yerli-v%c9%99-xarici-pambiq-sortlarinin-intensiv-bec%c9%99rm%c9%99-s%c9%99raitind%c9%99-abiotik-v%c9%99-biotik-stres-amill%c9%99rin%c9%99-davamliligi-m%c9%99hsuldarliq-gost%c9%99ricil%c9%99r\/\" >\n\t\t\t\tA Field Seminar on \u201cThe Resistance and Productivity Indicators of Local and Foreign Cotton Varieties Under Intensive Cultivation Conditions to Abiotic and Biotic Stress Factors\u201d Was Held\t\t\t<\/a>\n\t\t<\/h3>\n\t\t\n\t\t<a class=\"elementor-post__read-more\" href=\"https:\/\/cotton.az\/en\/yerli-v%c9%99-xarici-pambiq-sortlarinin-intensiv-bec%c9%99rm%c9%99-s%c9%99raitind%c9%99-abiotik-v%c9%99-biotik-stres-amill%c9%99rin%c9%99-davamliligi-m%c9%99hsuldarliq-gost%c9%99ricil%c9%99r\/\" aria-label=\"Read more about \u201cYERL\u0130 V\u018f XAR\u0130C\u0130 PAMBIQ SORTLARININ \u0130NTENS\u0130V BEC\u018fRM\u018f \u015e\u018fRA\u0130T\u0130ND\u018f AB\u0130OT\u0130K V\u018f B\u0130OT\u0130K STRES AM\u0130LL\u018fR\u0130N\u018f DAVAMLILI\u011eI, M\u018fHSULDARLIQ G\u00d6ST\u018fR\u0130C\u0130L\u018fR\u0130\u201d M\u00d6VZUSUNDA TARLA SEM\u0130NARI KE\u00c7\u0130R\u0130L\u0130B\" tabindex=\"-1\" >\n\t\t\tRead more \u00bb\t\t<\/a>\n\n\t\t\t\t<\/div>\n\t\t\t\t\t<\/div>\n\t\t<\/article>\n\t\t\t\t<article class=\"elementor-post elementor-grid-item post-6067 post type-post status-publish format-standard has-post-thumbnail hentry category-xbr tag-apia tag-bci tag-better-cotton tag-iqlim tag-pambiqciliq\" role=\"listitem\">\n\t\t\t<div class=\"elementor-post__card\">\n\t\t\t\t<a class=\"elementor-post__thumbnail__link\" href=\"https:\/\/cotton.az\/en\/bu-gunun-d%c9%99yis%c9%99n-iqlim-s%c9%99raitind%c9%99-pambiqciligin-v%c9%99ziyy%c9%99ti-probleml%c9%99r-v%c9%99-h%c9%99lli-yollari-movzusunda-elmi-praktik-seminar-kecirilib\/\" tabindex=\"-1\" ><div class=\"elementor-post__thumbnail\"><img loading=\"lazy\" decoding=\"async\" width=\"1290\" height=\"774\" src=\"https:\/\/cotton.az\/wp-content\/uploads\/2024\/11\/7.jpg\" class=\"attachment-full size-full wp-image-6058\" alt=\"\" srcset=\"https:\/\/cotton.az\/wp-content\/uploads\/2024\/11\/7.jpg 1290w, https:\/\/cotton.az\/wp-content\/uploads\/2024\/11\/7-300x180.jpg 300w, https:\/\/cotton.az\/wp-content\/uploads\/2024\/11\/7-1024x614.jpg 1024w, https:\/\/cotton.az\/wp-content\/uploads\/2024\/11\/7-768x461.jpg 768w, https:\/\/cotton.az\/wp-content\/uploads\/2024\/11\/7-18x12.jpg 18w, https:\/\/cotton.az\/wp-content\/uploads\/2024\/11\/7-850x510.jpg 850w\" sizes=\"(max-width: 1290px) 100vw, 1290px\" \/><\/div><\/a>\n\t\t\t\t<div class=\"elementor-post__badge\">News<\/div>\n\t\t\t\t<div class=\"elementor-post__text\">\n\t\t\t\t<h3 class=\"elementor-post__title\">\n\t\t\t<a href=\"https:\/\/cotton.az\/en\/bu-gunun-d%c9%99yis%c9%99n-iqlim-s%c9%99raitind%c9%99-pambiqciligin-v%c9%99ziyy%c9%99ti-probleml%c9%99r-v%c9%99-h%c9%99lli-yollari-movzusunda-elmi-praktik-seminar-kecirilib\/\" >\n\t\t\t\tA SCIENTIFIC-PRACTICAL SEMINAR WAS HELD ON THE TOPIC \u201cTHE STATUS OF COTTON GROWING IN TODAY'S CHANGING CLIMATE CONDITIONS, PROBLEMS AND SOLUTIONS\u201d\t\t\t<\/a>\n\t\t<\/h3>\n\t\t\n\t\t<a class=\"elementor-post__read-more\" href=\"https:\/\/cotton.az\/en\/bu-gunun-d%c9%99yis%c9%99n-iqlim-s%c9%99raitind%c9%99-pambiqciligin-v%c9%99ziyy%c9%99ti-probleml%c9%99r-v%c9%99-h%c9%99lli-yollari-movzusunda-elmi-praktik-seminar-kecirilib\/\" aria-label=\"Read more about \u201cBU G\u00dcN\u00dcN D\u018fY\u0130\u015e\u018fN \u0130QL\u0130M \u015e\u018fRA\u0130T\u0130ND\u018f PAMBIQ\u00c7ILI\u011eIN V\u018fZ\u0130YY\u018fT\u0130, PROBLEML\u018fR V\u018f H\u018fLL\u0130 YOLLARI\u201d M\u00d6VZUSUNDA ELM\u0130-PRAKT\u0130K SEM\u0130NAR KE\u00c7\u0130R\u0130L\u0130B\" tabindex=\"-1\" >\n\t\t\tRead more \u00bb\t\t<\/a>\n\n\t\t\t\t<\/div>\n\t\t\t\t\t<\/div>\n\t\t<\/article>\n\t\t\t\t<article class=\"elementor-post elementor-grid-item post-6064 post type-post status-publish format-standard has-post-thumbnail hentry category-xbr tag-apia tag-aqrar-sigorta-fondu tag-bci tag-better-cotton tag-pambiqciliq\" role=\"listitem\">\n\t\t\t<div class=\"elementor-post__card\">\n\t\t\t\t<a class=\"elementor-post__thumbnail__link\" href=\"https:\/\/cotton.az\/en\/aqrar-sigorta-fondunda-pambiq-istehsalcilari-assosiasiyasi-il%c9%99-gorus-kecirilib\/\" tabindex=\"-1\" ><div class=\"elementor-post__thumbnail\"><img loading=\"lazy\" decoding=\"async\" width=\"1290\" height=\"774\" src=\"https:\/\/cotton.az\/wp-content\/uploads\/2024\/11\/4.jpg\" class=\"attachment-full size-full wp-image-6055\" alt=\"\" srcset=\"https:\/\/cotton.az\/wp-content\/uploads\/2024\/11\/4.jpg 1290w, https:\/\/cotton.az\/wp-content\/uploads\/2024\/11\/4-300x180.jpg 300w, https:\/\/cotton.az\/wp-content\/uploads\/2024\/11\/4-1024x614.jpg 1024w, https:\/\/cotton.az\/wp-content\/uploads\/2024\/11\/4-768x461.jpg 768w, https:\/\/cotton.az\/wp-content\/uploads\/2024\/11\/4-18x12.jpg 18w, https:\/\/cotton.az\/wp-content\/uploads\/2024\/11\/4-850x510.jpg 850w\" sizes=\"(max-width: 1290px) 100vw, 1290px\" \/><\/div><\/a>\n\t\t\t\t<div class=\"elementor-post__badge\">News<\/div>\n\t\t\t\t<div class=\"elementor-post__text\">\n\t\t\t\t<h3 class=\"elementor-post__title\">\n\t\t\t<a href=\"https:\/\/cotton.az\/en\/aqrar-sigorta-fondunda-pambiq-istehsalcilari-assosiasiyasi-il%c9%99-gorus-kecirilib\/\" >\n\t\t\t\tA meeting was held with the Cotton Producers Association at the Agricultural Insurance Fund\t\t\t<\/a>\n\t\t<\/h3>\n\t\t\n\t\t<a class=\"elementor-post__read-more\" href=\"https:\/\/cotton.az\/en\/aqrar-sigorta-fondunda-pambiq-istehsalcilari-assosiasiyasi-il%c9%99-gorus-kecirilib\/\" aria-label=\"Read more about Aqrar S\u0131\u011forta Fondunda Pamb\u0131q \u0130stehsal\u00e7\u0131lar\u0131 Assosiasiyas\u0131 il\u0259 g\u00f6r\u00fc\u015f ke\u00e7irilib\" tabindex=\"-1\" >\n\t\t\tRead more \u00bb\t\t<\/a>\n\n\t\t\t\t<\/div>\n\t\t\t\t\t<\/div>\n\t\t<\/article>\n\t\t\t\t<article class=\"elementor-post elementor-grid-item post-4823 post type-post status-publish format-standard has-post-thumbnail hentry category-xbr tag-apia tag-bci tag-better-cotton tag-pambiqciliq\" role=\"listitem\">\n\t\t\t<div class=\"elementor-post__card\">\n\t\t\t\t<a class=\"elementor-post__thumbnail__link\" href=\"https:\/\/cotton.az\/en\/when-the-eye-makes-a-statement-the-lips-should\/\" tabindex=\"-1\" ><div class=\"elementor-post__thumbnail\"><img loading=\"lazy\" decoding=\"async\" width=\"1290\" height=\"774\" src=\"https:\/\/cotton.az\/wp-content\/uploads\/2024\/11\/1.jpg\" class=\"attachment-full size-full wp-image-6052\" alt=\"\" srcset=\"https:\/\/cotton.az\/wp-content\/uploads\/2024\/11\/1.jpg 1290w, https:\/\/cotton.az\/wp-content\/uploads\/2024\/11\/1-300x180.jpg 300w, https:\/\/cotton.az\/wp-content\/uploads\/2024\/11\/1-1024x614.jpg 1024w, https:\/\/cotton.az\/wp-content\/uploads\/2024\/11\/1-768x461.jpg 768w, https:\/\/cotton.az\/wp-content\/uploads\/2024\/11\/1-18x12.jpg 18w, https:\/\/cotton.az\/wp-content\/uploads\/2024\/11\/1-850x510.jpg 850w\" sizes=\"(max-width: 1290px) 100vw, 1290px\" \/><\/div><\/a>\n\t\t\t\t<div class=\"elementor-post__badge\">News<\/div>\n\t\t\t\t<div class=\"elementor-post__text\">\n\t\t\t\t<h3 class=\"elementor-post__title\">\n\t\t\t<a href=\"https:\/\/cotton.az\/en\/when-the-eye-makes-a-statement-the-lips-should\/\" >\n\t\t\t\tMinister meets with leadership of Cotton Producers Association \u2013 Photos\t\t\t<\/a>\n\t\t<\/h3>\n\t\t\n\t\t<a class=\"elementor-post__read-more\" href=\"https:\/\/cotton.az\/en\/when-the-eye-makes-a-statement-the-lips-should\/\" aria-label=\"Read more about Nazir Pamb\u0131q \u0130stehsal\u00e7\u0131lar\u0131 Assosiasiyas\u0131n\u0131n r\u0259hb\u0259rliyi il\u0259 g\u00f6r\u00fc\u015f\u00fcb \u2013 Fotolar\" tabindex=\"-1\" >\n\t\t\tRead more \u00bb\t\t<\/a>\n\n\t\t\t\t<\/div>\n\t\t\t\t\t<\/div>\n\t\t<\/article>\n\t\t\t\t<\/div>\n\t\t\n\t\t\t\t\t\t<\/div>\n\t\t\t\t<\/div>\n\t\t\t\t\t<\/div>\n\t\t\t\t<\/div>\n\t\t\t\t<\/div>","protected":false},"excerpt":{"rendered":"","protected":false},"author":1,"featured_media":0,"parent":0,"menu_order":0,"comment_status":"closed","ping_status":"closed","template":"","meta":{"footnotes":""},"class_list":["post-6100","page","type-page","status-publish","hentry"],"_links":{"self":[{"href":"https:\/\/cotton.az\/en\/wp-json\/wp\/v2\/pages\/6100","targetHints":{"allow":["GET"]}}],"collection":[{"href":"https:\/\/cotton.az\/en\/wp-json\/wp\/v2\/pages"}],"about":[{"href":"https:\/\/cotton.az\/en\/wp-json\/wp\/v2\/types\/page"}],"author":[{"embeddable":true,"href":"https:\/\/cotton.az\/en\/wp-json\/wp\/v2\/users\/1"}],"replies":[{"embeddable":true,"href":"https:\/\/cotton.az\/en\/wp-json\/wp\/v2\/comments?post=6100"}],"version-history":[{"count":13,"href":"https:\/\/cotton.az\/en\/wp-json\/wp\/v2\/pages\/6100\/revisions"}],"predecessor-version":[{"id":6115,"href":"https:\/\/cotton.az\/en\/wp-json\/wp\/v2\/pages\/6100\/revisions\/6115"}],"wp:attachment":[{"href":"https:\/\/cotton.az\/en\/wp-json\/wp\/v2\/media?parent=6100"}],"curies":[{"name":"wp","href":"https:\/\/api.w.org\/{rel}","templated":true}]}}