{"id":6217,"date":"2025-08-28T11:17:14","date_gmt":"2025-08-28T07:17:14","guid":{"rendered":"https:\/\/cotton.az\/?page_id=6217"},"modified":"2025-08-29T11:26:01","modified_gmt":"2025-08-29T07:26:01","slug":"sosial-rifah","status":"publish","type":"page","link":"https:\/\/cotton.az\/en\/sosial-rifah\/","title":{"rendered":"Social welfare"},"content":{"rendered":"<div data-elementor-type=\"wp-page\" data-elementor-id=\"6217\" class=\"elementor elementor-6217\" data-elementor-post-type=\"page\">\n\t\t\t\t<div class=\"elementor-element elementor-element-93c213c e-flex e-con-boxed e-con e-parent\" data-id=\"93c213c\" data-element_type=\"container\" data-e-type=\"container\">\n\t\t\t\t\t<div class=\"e-con-inner\">\n\t\t<div class=\"elementor-element elementor-element-f0f776f e-con-full e-flex e-con e-child\" data-id=\"f0f776f\" data-element_type=\"container\" data-e-type=\"container\">\n\t\t<div class=\"elementor-element elementor-element-24b54a8 e-con-full e-flex e-con e-child\" data-id=\"24b54a8\" data-element_type=\"container\" data-e-type=\"container\" data-settings=\"{&quot;background_background&quot;:&quot;classic&quot;}\">\n\t\t<div class=\"elementor-element elementor-element-2403d9e e-con-full e-flex e-con e-child\" data-id=\"2403d9e\" data-element_type=\"container\" data-e-type=\"container\">\n\t\t\t\t<div class=\"elementor-element elementor-element-b5adf3e elementor-hidden-mobile_extra elementor-hidden-mobile elementor-widget elementor-widget-text-editor\" data-id=\"b5adf3e\" data-element_type=\"widget\" data-e-type=\"widget\" data-widget_type=\"text-editor.default\">\n\t\t\t\t<div class=\"elementor-widget-container\">\n\t\t\t\t\t\t\t\t\t<h4 data-start=\"105\" data-end=\"449\"><strong>Sustainability<\/strong><\/h4>\t\t\t\t\t\t\t\t<\/div>\n\t\t\t\t<\/div>\n\t\t\t\t<div class=\"elementor-element elementor-element-0623060 elementor-align-start agrile-theme-style-yes elementor-hidden-mobile_extra elementor-hidden-mobile elementor-icon-list--layout-traditional elementor-list-item-link-full_width elementor-widget elementor-widget-icon-list\" data-id=\"0623060\" data-element_type=\"widget\" data-e-type=\"widget\" data-widget_type=\"icon-list.default\">\n\t\t\t\t<div class=\"elementor-widget-container\">\n\t\t\t\t\t\t\t<ul class=\"elementor-icon-list-items\">\n\t\t\t\t\t\t\t<li class=\"elementor-icon-list-item\">\n\t\t\t\t\t\t\t\t\t\t\t<span class=\"elementor-icon-list-icon\">\n\t\t\t\t\t\t\t<svg aria-hidden=\"true\" class=\"e-font-icon-svg e-fas-check\" viewbox=\"0 0 512 512\" xmlns=\"http:\/\/www.w3.org\/2000\/svg\"><path d=\"M173.898 439.404l-166.4-166.4c-9.997-9.997-9.997-26.206 0-36.204l36.203-36.204c9.997-9.998 26.207-9.998 36.204 0L192 312.69 432.095 72.596c9.997-9.997 26.207-9.997 36.204 0l36.203 36.204c9.997 9.997 9.997 26.206 0 36.204l-294.4 294.401c-9.998 9.997-26.207 9.997-36.204-.001z\"><\/path><\/svg>\t\t\t\t\t\t<\/span>\n\t\t\t\t\t\t\t\t\t\t<span class=\"elementor-icon-list-text\">What is Better Cotton? <\/span>\n\t\t\t\t\t\t\t\t\t<\/li>\n\t\t\t\t\t\t\t\t<li class=\"elementor-icon-list-item\">\n\t\t\t\t\t\t\t\t\t\t\t<span class=\"elementor-icon-list-icon\">\n\t\t\t\t\t\t\t<svg aria-hidden=\"true\" class=\"e-font-icon-svg e-fas-check\" viewbox=\"0 0 512 512\" xmlns=\"http:\/\/www.w3.org\/2000\/svg\"><path d=\"M173.898 439.404l-166.4-166.4c-9.997-9.997-9.997-26.206 0-36.204l36.203-36.204c9.997-9.998 26.207-9.998 36.204 0L192 312.69 432.095 72.596c9.997-9.997 26.207-9.997 36.204 0l36.203 36.204c9.997 9.997 9.997 26.206 0 36.204l-294.4 294.401c-9.998 9.997-26.207 9.997-36.204-.001z\"><\/path><\/svg>\t\t\t\t\t\t<\/span>\n\t\t\t\t\t\t\t\t\t\t<span class=\"elementor-icon-list-text\">Environmental protection<\/span>\n\t\t\t\t\t\t\t\t\t<\/li>\n\t\t\t\t\t\t\t\t<li class=\"elementor-icon-list-item\">\n\t\t\t\t\t\t\t\t\t\t\t<span class=\"elementor-icon-list-icon\">\n\t\t\t\t\t\t\t<svg aria-hidden=\"true\" class=\"e-font-icon-svg e-fas-check\" viewbox=\"0 0 512 512\" xmlns=\"http:\/\/www.w3.org\/2000\/svg\"><path d=\"M173.898 439.404l-166.4-166.4c-9.997-9.997-9.997-26.206 0-36.204l36.203-36.204c9.997-9.998 26.207-9.998 36.204 0L192 312.69 432.095 72.596c9.997-9.997 26.207-9.997 36.204 0l36.203 36.204c9.997 9.997 9.997 26.206 0 36.204l-294.4 294.401c-9.998 9.997-26.207 9.997-36.204-.001z\"><\/path><\/svg>\t\t\t\t\t\t<\/span>\n\t\t\t\t\t\t\t\t\t\t<span class=\"elementor-icon-list-text\">Irrigation and water efficiency<\/span>\n\t\t\t\t\t\t\t\t\t<\/li>\n\t\t\t\t\t\t\t\t<li class=\"elementor-icon-list-item\">\n\t\t\t\t\t\t\t\t\t\t\t<span class=\"elementor-icon-list-icon\">\n\t\t\t\t\t\t\t<svg aria-hidden=\"true\" class=\"e-font-icon-svg e-fas-check\" viewbox=\"0 0 512 512\" xmlns=\"http:\/\/www.w3.org\/2000\/svg\"><path d=\"M173.898 439.404l-166.4-166.4c-9.997-9.997-9.997-26.206 0-36.204l36.203-36.204c9.997-9.998 26.207-9.998 36.204 0L192 312.69 432.095 72.596c9.997-9.997 26.207-9.997 36.204 0l36.203 36.204c9.997 9.997 9.997 26.206 0 36.204l-294.4 294.401c-9.998 9.997-26.207 9.997-36.204-.001z\"><\/path><\/svg>\t\t\t\t\t\t<\/span>\n\t\t\t\t\t\t\t\t\t\t<span class=\"elementor-icon-list-text\">Land and cultivation<\/span>\n\t\t\t\t\t\t\t\t\t<\/li>\n\t\t\t\t\t\t\t\t<li class=\"elementor-icon-list-item\">\n\t\t\t\t\t\t\t\t\t\t\t<span class=\"elementor-icon-list-icon\">\n\t\t\t\t\t\t\t<svg aria-hidden=\"true\" class=\"e-font-icon-svg e-fas-check\" viewbox=\"0 0 512 512\" xmlns=\"http:\/\/www.w3.org\/2000\/svg\"><path d=\"M173.898 439.404l-166.4-166.4c-9.997-9.997-9.997-26.206 0-36.204l36.203-36.204c9.997-9.998 26.207-9.998 36.204 0L192 312.69 432.095 72.596c9.997-9.997 26.207-9.997 36.204 0l36.203 36.204c9.997 9.997 9.997 26.206 0 36.204l-294.4 294.401c-9.998 9.997-26.207 9.997-36.204-.001z\"><\/path><\/svg>\t\t\t\t\t\t<\/span>\n\t\t\t\t\t\t\t\t\t\t<span class=\"elementor-icon-list-text\">Social welfare<\/span>\n\t\t\t\t\t\t\t\t\t<\/li>\n\t\t\t\t\t\t\t\t<li class=\"elementor-icon-list-item\">\n\t\t\t\t\t\t\t\t\t\t\t<span class=\"elementor-icon-list-icon\">\n\t\t\t\t\t\t\t<svg aria-hidden=\"true\" class=\"e-font-icon-svg e-fas-check\" viewbox=\"0 0 512 512\" xmlns=\"http:\/\/www.w3.org\/2000\/svg\"><path d=\"M173.898 439.404l-166.4-166.4c-9.997-9.997-9.997-26.206 0-36.204l36.203-36.204c9.997-9.998 26.207-9.998 36.204 0L192 312.69 432.095 72.596c9.997-9.997 26.207-9.997 36.204 0l36.203 36.204c9.997 9.997 9.997 26.206 0 36.204l-294.4 294.401c-9.998 9.997-26.207 9.997-36.204-.001z\"><\/path><\/svg>\t\t\t\t\t\t<\/span>\n\t\t\t\t\t\t\t\t\t\t<span class=\"elementor-icon-list-text\">Layiqli \u0259m\u0259k &amp; gender b\u0259rab\u0259rliyi\u200b<\/span>\n\t\t\t\t\t\t\t\t\t<\/li>\n\t\t\t\t\t\t\t\t<li class=\"elementor-icon-list-item\">\n\t\t\t\t\t\t\t\t\t\t\t<span class=\"elementor-icon-list-icon\">\n\t\t\t\t\t\t\t<svg aria-hidden=\"true\" class=\"e-font-icon-svg e-fas-check\" viewbox=\"0 0 512 512\" xmlns=\"http:\/\/www.w3.org\/2000\/svg\"><path d=\"M173.898 439.404l-166.4-166.4c-9.997-9.997-9.997-26.206 0-36.204l36.203-36.204c9.997-9.998 26.207-9.998 36.204 0L192 312.69 432.095 72.596c9.997-9.997 26.207-9.997 36.204 0l36.203 36.204c9.997 9.997 9.997 26.206 0 36.204l-294.4 294.401c-9.998 9.997-26.207 9.997-36.204-.001z\"><\/path><\/svg>\t\t\t\t\t\t<\/span>\n\t\t\t\t\t\t\t\t\t\t<span class=\"elementor-icon-list-text\">U\u015faq \u0259m\u0259yin\u0259 qar\u015f\u0131 m\u00fcbariz\u0259\u200b<\/span>\n\t\t\t\t\t\t\t\t\t<\/li>\n\t\t\t\t\t\t<\/ul>\n\t\t\t\t\t\t<\/div>\n\t\t\t\t<\/div>\n\t\t\t\t<\/div>\n\t\t\t\t<\/div>\n\t\t\t\t<\/div>\n\t\t<div class=\"elementor-element elementor-element-8c21c7e e-con-full e-flex e-con e-child\" data-id=\"8c21c7e\" data-element_type=\"container\" data-e-type=\"container\">\n\t\t\t\t<div class=\"elementor-element elementor-element-af20681 elementor-widget elementor-widget-heading\" data-id=\"af20681\" data-element_type=\"widget\" data-e-type=\"widget\" data-widget_type=\"heading.default\">\n\t\t\t\t<div class=\"elementor-widget-container\">\n\t\t\t\t\t<h3 class=\"elementor-heading-title elementor-size-default\">Social welfare<\/h3>\t\t\t\t<\/div>\n\t\t\t\t<\/div>\n\t\t\t\t<div class=\"elementor-element elementor-element-ec60a45 elementor-widget elementor-widget-text-editor\" data-id=\"ec60a45\" data-element_type=\"widget\" data-e-type=\"widget\" data-widget_type=\"text-editor.default\">\n\t\t\t\t<div class=\"elementor-widget-container\">\n\t\t\t\t\t\t\t\t\t<p data-start=\"271\" data-end=\"538\">Cotton farming is not only an agricultural activity but also a source of social well-being for thousands of families.The goal of the Azerbaijan Cotton Producers Association (ACPA) is to improve farmers\u2019 quality of life and promote sustainable social development in rural communities.<\/p><p data-start=\"451\" data-end=\"782\">Currently, <strong data-start=\"500\" data-end=\"517\">Azerbaijan is in the process of becoming a Better Cotton country member,<\/strong> and within this framework, steps are being taken towards implementing BCI principles.<\/p>\t\t\t\t\t\t\t\t<\/div>\n\t\t\t\t<\/div>\n\t\t<div class=\"elementor-element elementor-element-3646c92 e-con-full e-flex e-con e-child\" data-id=\"3646c92\" data-element_type=\"container\" data-e-type=\"container\">\n\t\t<div class=\"elementor-element elementor-element-564e7d1 e-con-full e-flex e-con e-child\" data-id=\"564e7d1\" data-element_type=\"container\" data-e-type=\"container\">\n\t\t\t\t<div class=\"elementor-element elementor-element-56723a6 elementor-widget elementor-widget-image\" data-id=\"56723a6\" data-element_type=\"widget\" data-e-type=\"widget\" data-widget_type=\"image.default\">\n\t\t\t\t<div class=\"elementor-widget-container\">\n\t\t\t\t\t\t\t\t\t\t\t\t\t\t\t<img decoding=\"async\" src=\"http:\/\/source.wpopal.com\/agrile\/wp-content\/uploads\/2024\/11\/demo-content09.jpg\" title=\"\" alt=\"\" loading=\"lazy\" \/>\t\t\t\t\t\t\t\t\t\t\t\t\t\t\t<\/div>\n\t\t\t\t<\/div>\n\t\t\t\t<\/div>\n\t\t<div class=\"elementor-element elementor-element-71a71ce e-con-full e-flex e-con e-child\" data-id=\"71a71ce\" data-element_type=\"container\" data-e-type=\"container\">\n\t\t\t\t<div class=\"elementor-element elementor-element-9fb62d7 elementor-widget elementor-widget-image\" data-id=\"9fb62d7\" data-element_type=\"widget\" data-e-type=\"widget\" data-widget_type=\"image.default\">\n\t\t\t\t<div class=\"elementor-widget-container\">\n\t\t\t\t\t\t\t\t\t\t\t\t\t\t\t<img fetchpriority=\"high\" decoding=\"async\" width=\"410\" height=\"310\" src=\"https:\/\/cotton.az\/wp-content\/uploads\/2024\/11\/demo-content10.jpg\" class=\"attachment-full size-full wp-image-647\" alt=\"\" srcset=\"https:\/\/cotton.az\/wp-content\/uploads\/2024\/11\/demo-content10.jpg 410w, https:\/\/cotton.az\/wp-content\/uploads\/2024\/11\/demo-content10-300x227.jpg 300w\" sizes=\"(max-width: 410px) 100vw, 410px\" \/>\t\t\t\t\t\t\t\t\t\t\t\t\t\t\t<\/div>\n\t\t\t\t<\/div>\n\t\t\t\t<\/div>\n\t\t\t\t<\/div>\n\t\t\t\t<div class=\"elementor-element elementor-element-3a252fa elementor-widget elementor-widget-heading\" data-id=\"3a252fa\" data-element_type=\"widget\" data-e-type=\"widget\" data-widget_type=\"heading.default\">\n\t\t\t\t<div class=\"elementor-widget-container\">\n\t\t\t\t\t<h4 class=\"elementor-heading-title elementor-size-default\">Social well-being in rural communities<\/h4>\t\t\t\t<\/div>\n\t\t\t\t<\/div>\n\t\t\t\t<div class=\"elementor-element elementor-element-2fb6c31 elementor-widget elementor-widget-text-editor\" data-id=\"2fb6c31\" data-element_type=\"widget\" data-e-type=\"widget\" data-widget_type=\"text-editor.default\">\n\t\t\t\t<div class=\"elementor-widget-container\">\n\t\t\t\t\t\t\t\t\t<p data-start=\"590\" data-end=\"934\"><strong data-start=\"590\" data-end=\"618\">Education and awareness<\/strong> are key directions of social development. ACPA organises training programmes and field visits for farmers to enhance their knowledge and skills.\nAwareness-raising projects are implemented to increase youth interest in agriculture and support their active participation in the sector.<\/p><p data-start=\"936\" data-end=\"1243\"><strong data-start=\"936\" data-end=\"958\">Health and well-being<\/strong> play an important role in improving the living standards of rural communities. Safe working environments and protective measures are promoted for farming families. At the same time, improving sanitation conditions and access to clean water in rural communities remains one of the main priorities.<\/p><p data-start=\"1245\" data-end=\"1499\"><strong data-start=\"1245\" data-end=\"1286\">Gender equality and the role of women<\/strong> are of particular importance in agriculture. The active involvement of rural women in farming, their participation in training, and engagement in decision-making processes are integral parts of social development.<\/p><p data-start=\"1501\" data-end=\"1810\"><strong data-start=\"1501\" data-end=\"1535\">Azerbaijan has great social potential<\/strong> in this field. Although some projects are still at the initial stage, ACPA supports these initiatives and plans for their implementation. The goal is to improve welfare in rural areas, provide farmers with social resilience, and integrate agriculture with social development.<\/p>\t\t\t\t\t\t\t\t<\/div>\n\t\t\t\t<\/div>\n\t\t\t\t<div class=\"elementor-element elementor-element-88b7cbf elementor-widget-divider--view-line elementor-widget elementor-widget-divider\" data-id=\"88b7cbf\" data-element_type=\"widget\" data-e-type=\"widget\" data-widget_type=\"divider.default\">\n\t\t\t\t<div class=\"elementor-widget-container\">\n\t\t\t\t\t\t\t<div class=\"elementor-divider\">\n\t\t\t<span class=\"elementor-divider-separator\">\n\t\t\t\t\t\t<\/span>\n\t\t<\/div>\n\t\t\t\t\t\t<\/div>\n\t\t\t\t<\/div>\n\t\t\t\t<\/div>\n\t\t\t\t\t<\/div>\n\t\t\t\t<\/div>\n\t\t<div class=\"elementor-element elementor-element-6609a45 e-flex e-con-boxed e-con e-parent\" data-id=\"6609a45\" data-element_type=\"container\" data-e-type=\"container\">\n\t\t\t\t\t<div class=\"e-con-inner\">\n\t\t\t\t<div class=\"elementor-element elementor-element-be97bfe elementor-widget elementor-widget-heading\" data-id=\"be97bfe\" data-element_type=\"widget\" data-e-type=\"widget\" data-widget_type=\"heading.default\">\n\t\t\t\t<div class=\"elementor-widget-container\">\n\t\t\t\t\t<h4 class=\"elementor-heading-title elementor-size-default\">Better Cotton principles<\/h4>\t\t\t\t<\/div>\n\t\t\t\t<\/div>\n\t\t\t\t<div class=\"elementor-element elementor-element-de46000 elementor-widget elementor-widget-image-gallery\" data-id=\"de46000\" data-element_type=\"widget\" data-e-type=\"widget\" data-widget_type=\"image-gallery.default\">\n\t\t\t\t<div class=\"elementor-widget-container\">\n\t\t\t\t\t\t\t<div class=\"elementor-image-gallery\">\n\t\t\t<div id='gallery-1' class='gallery galleryid-6217 gallery-columns-4 gallery-size-full'><figure class='gallery-item'>\n\t\t\t<div class='gallery-icon landscape'>\n\t\t\t\t<a data-elementor-open-lightbox=\"no\" href='https:\/\/cotton.az\/wp-content\/uploads\/2025\/08\/bci-p-1.png'><img decoding=\"async\" width=\"500\" height=\"500\" src=\"https:\/\/cotton.az\/wp-content\/uploads\/2025\/08\/bci-p-1.png\" class=\"attachment-full size-full\" alt=\"\" srcset=\"https:\/\/cotton.az\/wp-content\/uploads\/2025\/08\/bci-p-1.png 500w, https:\/\/cotton.az\/wp-content\/uploads\/2025\/08\/bci-p-1-300x300.png 300w, https:\/\/cotton.az\/wp-content\/uploads\/2025\/08\/bci-p-1-150x150.png 150w, https:\/\/cotton.az\/wp-content\/uploads\/2025\/08\/bci-p-1-12x12.png 12w\" sizes=\"(max-width: 500px) 100vw, 500px\" \/><\/a>\n\t\t\t<\/div><\/figure><figure class='gallery-item'>\n\t\t\t<div class='gallery-icon landscape'>\n\t\t\t\t<a data-elementor-open-lightbox=\"no\" href='https:\/\/cotton.az\/wp-content\/uploads\/2025\/08\/bci-p-5.png'><img decoding=\"async\" width=\"500\" height=\"500\" src=\"https:\/\/cotton.az\/wp-content\/uploads\/2025\/08\/bci-p-5.png\" class=\"attachment-full size-full\" alt=\"\" srcset=\"https:\/\/cotton.az\/wp-content\/uploads\/2025\/08\/bci-p-5.png 500w, https:\/\/cotton.az\/wp-content\/uploads\/2025\/08\/bci-p-5-300x300.png 300w, https:\/\/cotton.az\/wp-content\/uploads\/2025\/08\/bci-p-5-150x150.png 150w, https:\/\/cotton.az\/wp-content\/uploads\/2025\/08\/bci-p-5-12x12.png 12w\" sizes=\"(max-width: 500px) 100vw, 500px\" \/><\/a>\n\t\t\t<\/div><\/figure><figure class='gallery-item'>\n\t\t\t<div class='gallery-icon landscape'>\n\t\t\t\t<a data-elementor-open-lightbox=\"no\" href='https:\/\/cotton.az\/wp-content\/uploads\/2025\/08\/bci-p-4.png'><img loading=\"lazy\" decoding=\"async\" width=\"500\" height=\"500\" src=\"https:\/\/cotton.az\/wp-content\/uploads\/2025\/08\/bci-p-4.png\" class=\"attachment-full size-full\" alt=\"\" srcset=\"https:\/\/cotton.az\/wp-content\/uploads\/2025\/08\/bci-p-4.png 500w, https:\/\/cotton.az\/wp-content\/uploads\/2025\/08\/bci-p-4-300x300.png 300w, https:\/\/cotton.az\/wp-content\/uploads\/2025\/08\/bci-p-4-150x150.png 150w, https:\/\/cotton.az\/wp-content\/uploads\/2025\/08\/bci-p-4-12x12.png 12w\" sizes=\"(max-width: 500px) 100vw, 500px\" \/><\/a>\n\t\t\t<\/div><\/figure><figure class='gallery-item'>\n\t\t\t<div class='gallery-icon landscape'>\n\t\t\t\t<a data-elementor-open-lightbox=\"no\" href='https:\/\/cotton.az\/wp-content\/uploads\/2025\/08\/bci-p-3.png'><img loading=\"lazy\" decoding=\"async\" width=\"500\" height=\"500\" src=\"https:\/\/cotton.az\/wp-content\/uploads\/2025\/08\/bci-p-3.png\" class=\"attachment-full size-full\" alt=\"\" srcset=\"https:\/\/cotton.az\/wp-content\/uploads\/2025\/08\/bci-p-3.png 500w, https:\/\/cotton.az\/wp-content\/uploads\/2025\/08\/bci-p-3-300x300.png 300w, https:\/\/cotton.az\/wp-content\/uploads\/2025\/08\/bci-p-3-150x150.png 150w, https:\/\/cotton.az\/wp-content\/uploads\/2025\/08\/bci-p-3-12x12.png 12w\" sizes=\"(max-width: 500px) 100vw, 500px\" \/><\/a>\n\t\t\t<\/div><\/figure><figure class='gallery-item'>\n\t\t\t<div class='gallery-icon landscape'>\n\t\t\t\t<a data-elementor-open-lightbox=\"no\" href='https:\/\/cotton.az\/wp-content\/uploads\/2025\/08\/bci-p-2.png'><img loading=\"lazy\" decoding=\"async\" width=\"500\" height=\"500\" src=\"https:\/\/cotton.az\/wp-content\/uploads\/2025\/08\/bci-p-2.png\" class=\"attachment-full size-full\" alt=\"\" srcset=\"https:\/\/cotton.az\/wp-content\/uploads\/2025\/08\/bci-p-2.png 500w, https:\/\/cotton.az\/wp-content\/uploads\/2025\/08\/bci-p-2-300x300.png 300w, https:\/\/cotton.az\/wp-content\/uploads\/2025\/08\/bci-p-2-150x150.png 150w, https:\/\/cotton.az\/wp-content\/uploads\/2025\/08\/bci-p-2-12x12.png 12w\" sizes=\"(max-width: 500px) 100vw, 500px\" \/><\/a>\n\t\t\t<\/div><\/figure><figure class='gallery-item'>\n\t\t\t<div class='gallery-icon landscape'>\n\t\t\t\t<a data-elementor-open-lightbox=\"no\" href='https:\/\/cotton.az\/wp-content\/uploads\/2025\/08\/8.png'><img loading=\"lazy\" decoding=\"async\" width=\"500\" height=\"500\" src=\"https:\/\/cotton.az\/wp-content\/uploads\/2025\/08\/8.png\" class=\"attachment-full size-full\" alt=\"\" srcset=\"https:\/\/cotton.az\/wp-content\/uploads\/2025\/08\/8.png 500w, https:\/\/cotton.az\/wp-content\/uploads\/2025\/08\/8-300x300.png 300w, https:\/\/cotton.az\/wp-content\/uploads\/2025\/08\/8-150x150.png 150w, https:\/\/cotton.az\/wp-content\/uploads\/2025\/08\/8-12x12.png 12w\" sizes=\"(max-width: 500px) 100vw, 500px\" \/><\/a>\n\t\t\t<\/div><\/figure><figure class='gallery-item'>\n\t\t\t<div class='gallery-icon landscape'>\n\t\t\t\t<a data-elementor-open-lightbox=\"no\" href='https:\/\/cotton.az\/wp-content\/uploads\/2025\/08\/7.png'><img loading=\"lazy\" decoding=\"async\" width=\"500\" height=\"500\" src=\"https:\/\/cotton.az\/wp-content\/uploads\/2025\/08\/7.png\" class=\"attachment-full size-full\" alt=\"\" srcset=\"https:\/\/cotton.az\/wp-content\/uploads\/2025\/08\/7.png 500w, https:\/\/cotton.az\/wp-content\/uploads\/2025\/08\/7-300x300.png 300w, https:\/\/cotton.az\/wp-content\/uploads\/2025\/08\/7-150x150.png 150w, https:\/\/cotton.az\/wp-content\/uploads\/2025\/08\/7-12x12.png 12w\" sizes=\"(max-width: 500px) 100vw, 500px\" \/><\/a>\n\t\t\t<\/div><\/figure><figure class='gallery-item'>\n\t\t\t<div class='gallery-icon landscape'>\n\t\t\t\t<a data-elementor-open-lightbox=\"no\" href='https:\/\/cotton.az\/wp-content\/uploads\/2025\/08\/6.png'><img loading=\"lazy\" decoding=\"async\" width=\"500\" height=\"500\" src=\"https:\/\/cotton.az\/wp-content\/uploads\/2025\/08\/6.png\" class=\"attachment-full size-full\" alt=\"\" srcset=\"https:\/\/cotton.az\/wp-content\/uploads\/2025\/08\/6.png 500w, https:\/\/cotton.az\/wp-content\/uploads\/2025\/08\/6-300x300.png 300w, https:\/\/cotton.az\/wp-content\/uploads\/2025\/08\/6-150x150.png 150w, https:\/\/cotton.az\/wp-content\/uploads\/2025\/08\/6-12x12.png 12w\" sizes=\"(max-width: 500px) 100vw, 500px\" \/><\/a>\n\t\t\t<\/div><\/figure>\n\t\t<\/div>\n\t\t<\/div>\n\t\t\t\t\t\t<\/div>\n\t\t\t\t<\/div>\n\t\t\t\t\t<\/div>\n\t\t\t\t<\/div>\n\t\t<div class=\"elementor-element elementor-element-a21f8cd e-flex e-con-boxed elementor-invisible e-con e-parent\" data-id=\"a21f8cd\" data-element_type=\"container\" data-e-type=\"container\" data-settings=\"{&quot;background_background&quot;:&quot;classic&quot;,&quot;shape_divider_bottom&quot;:&quot;curve&quot;,&quot;shape_divider_bottom_negative&quot;:&quot;yes&quot;,&quot;animation&quot;:&quot;fadeInUp&quot;}\">\n\t\t\t\t\t<div class=\"e-con-inner\">\n\t\t\t\t<div class=\"elementor-shape elementor-shape-bottom\" aria-hidden=\"true\" data-negative=\"true\">\n\t\t\t<svg xmlns=\"http:\/\/www.w3.org\/2000\/svg\" viewbox=\"0 0 1000 100\" preserveaspectratio=\"none\">\n\t<path class=\"elementor-shape-fill\" d=\"M500,97C126.7,96.3,0.8,19.8,0,0v100l1000,0V1C1000,19.4,873.3,97.8,500,97z\"\/>\n<\/svg>\t\t<\/div>\n\t\t\t\t<div class=\"elementor-element elementor-element-0e8fd73 elementor-agrile-video-style-popup elementor-widget elementor-widget-agrile-video-popup\" data-id=\"0e8fd73\" data-element_type=\"widget\" data-e-type=\"widget\" data-widget_type=\"agrile-video-popup.default\">\n\t\t\t\t<div class=\"elementor-widget-container\">\n\t\t\t\t\t        <div class=\"elementor-video-wrapper agrile-video-popup\">\n\n            <a class=\"elementor-video-popup\" role=\"button\" href=\"https:\/\/www.youtube.com\/watch?v=ucwSb9iGOJY\" data-effect=\"mfp-zoom-in\">\n                    <span class=\"video-content\">\n                        \n                                            <\/span>\n\n                    <span class=\"elementor-video-icon video-icon-align-before\">\n                    <span class=\"animation animation-1\"> <\/span>\n                    <span class=\"animation animation-2\"> <\/span>\n                    <span class=\"animation animation-3\"> <\/span>\n                    <i aria-hidden=\"true\" class=\"agrile-icon- agrile-icon-play-fill\"><\/i>                    <\/span>\n            <\/a>\n        <\/div>\n        \t\t\t\t<\/div>\n\t\t\t\t<\/div>\n\t\t\t\t<div class=\"elementor-element elementor-element-1995956 elementor-widget__width-initial elementor-absolute rotate elementor-widget elementor-widget-text-path\" data-id=\"1995956\" data-element_type=\"widget\" data-e-type=\"widget\" data-settings=\"{&quot;text&quot;:&quot;- explore farm video - explore farm video&quot;,&quot;_position&quot;:&quot;absolute&quot;,&quot;link&quot;:{&quot;url&quot;:&quot;&quot;,&quot;is_external&quot;:&quot;&quot;,&quot;nofollow&quot;:&quot;&quot;,&quot;custom_attributes&quot;:&quot;&quot;},&quot;start_point&quot;:{&quot;unit&quot;:&quot;%&quot;,&quot;size&quot;:0,&quot;sizes&quot;:[]}}\" data-widget_type=\"text-path.default\">\n\t\t\t\t<div class=\"elementor-widget-container\">\n\t\t\t\t\t\t\t<div class=\"e-text-path\" data-text=\"- explore farm video - explore farm video\" data-url=\"\/\/cotton.az\/wp-content\/plugins\/elementor\/assets\/svg-paths\/circle.svg\" data-link-url=\"\"><\/div>\n\t\t\t\t\t\t<\/div>\n\t\t\t\t<\/div>\n\t\t\t\t<div class=\"elementor-element elementor-element-ef7061f elementor-widget__width-initial elementor-widget elementor-widget-heading\" data-id=\"ef7061f\" data-element_type=\"widget\" data-e-type=\"widget\" data-widget_type=\"heading.default\">\n\t\t\t\t<div class=\"elementor-widget-container\">\n\t\t\t\t\t<h1 class=\"elementor-heading-title elementor-size-default\">\n                 What is Better Cotton?<\/h1>\t\t\t\t<\/div>\n\t\t\t\t<\/div>\n\t\t\t\t\t<\/div>\n\t\t\t\t<\/div>\n\t\t\t\t<\/div>","protected":false},"excerpt":{"rendered":"<p>Dayan\u0131ql\u0131l\u0131q Better Cotton n\u0259dir? \u018ftraf m\u00fchitin qorunmas\u0131 Suvarma v\u0259 su s\u0259m\u0259r\u0259liliyi Torpaq v\u0259 \u0259kin Sosial rifah Layiqli \u0259m\u0259k &#038; gender b\u0259rab\u0259rliyi\u200b U\u015faq \u0259m\u0259yin\u0259 qar\u015f\u0131 m\u00fcbariz\u0259\u200b Sosial rifah Pamb\u0131q\u00e7\u0131l\u0131q yaln\u0131z k\u0259nd t\u0259s\u0259rr\u00fcfat\u0131 f\u0259aliyy\u0259ti deyil, h\u0259m d\u0259 minl\u0259rl\u0259 ail\u0259nin sosial rifah\u0131n\u0131n t\u0259minat\u0131d\u0131r. Az\u0259rbaycan Pamb\u0131q\u00e7\u0131lar Assosiasiyas\u0131n\u0131n (ACPA) m\u0259qs\u0259di fermerl\u0259rin h\u0259yat keyfiyy\u0259tini y\u00fcks\u0259ltm\u0259k v\u0259 k\u0259nd icmalar\u0131nda davaml\u0131 sosial inki\u015faf\u0131 [&hellip;]<\/p>\n","protected":false},"author":1,"featured_media":0,"parent":0,"menu_order":0,"comment_status":"closed","ping_status":"closed","template":"","meta":{"footnotes":""},"class_list":["post-6217","page","type-page","status-publish","hentry"],"_links":{"self":[{"href":"https:\/\/cotton.az\/en\/wp-json\/wp\/v2\/pages\/6217","targetHints":{"allow":["GET"]}}],"collection":[{"href":"https:\/\/cotton.az\/en\/wp-json\/wp\/v2\/pages"}],"about":[{"href":"https:\/\/cotton.az\/en\/wp-json\/wp\/v2\/types\/page"}],"author":[{"embeddable":true,"href":"https:\/\/cotton.az\/en\/wp-json\/wp\/v2\/users\/1"}],"replies":[{"embeddable":true,"href":"https:\/\/cotton.az\/en\/wp-json\/wp\/v2\/comments?post=6217"}],"version-history":[{"count":7,"href":"https:\/\/cotton.az\/en\/wp-json\/wp\/v2\/pages\/6217\/revisions"}],"predecessor-version":[{"id":6315,"href":"https:\/\/cotton.az\/en\/wp-json\/wp\/v2\/pages\/6217\/revisions\/6315"}],"wp:attachment":[{"href":"https:\/\/cotton.az\/en\/wp-json\/wp\/v2\/media?parent=6217"}],"curies":[{"name":"wp","href":"https:\/\/api.w.org\/{rel}","templated":true}]}}