{"id":6218,"date":"2025-08-28T11:17:32","date_gmt":"2025-08-28T07:17:32","guid":{"rendered":"https:\/\/cotton.az\/?page_id=6218"},"modified":"2025-08-29T11:26:09","modified_gmt":"2025-08-29T07:26:09","slug":"layiqli-%c9%99m%c9%99k-v%c9%99-gender-b%c9%99rab%c9%99rliyi","status":"publish","type":"page","link":"https:\/\/cotton.az\/en\/layiqli-%c9%99m%c9%99k-v%c9%99-gender-b%c9%99rab%c9%99rliyi\/","title":{"rendered":"Layiqli \u0259m\u0259k v\u0259 gender b\u0259rab\u0259rliyi"},"content":{"rendered":"<div data-elementor-type=\"wp-page\" data-elementor-id=\"6218\" class=\"elementor elementor-6218\" data-elementor-post-type=\"page\">\n\t\t\t\t<div class=\"elementor-element elementor-element-93c213c e-flex e-con-boxed e-con e-parent\" data-id=\"93c213c\" data-element_type=\"container\" data-e-type=\"container\">\n\t\t\t\t\t<div class=\"e-con-inner\">\n\t\t<div class=\"elementor-element elementor-element-f0f776f e-con-full e-flex e-con e-child\" data-id=\"f0f776f\" data-element_type=\"container\" data-e-type=\"container\">\n\t\t<div class=\"elementor-element elementor-element-24b54a8 e-con-full e-flex e-con e-child\" data-id=\"24b54a8\" data-element_type=\"container\" data-e-type=\"container\" data-settings=\"{&quot;background_background&quot;:&quot;classic&quot;}\">\n\t\t<div class=\"elementor-element elementor-element-2403d9e e-con-full e-flex e-con e-child\" data-id=\"2403d9e\" data-element_type=\"container\" data-e-type=\"container\">\n\t\t\t\t<div class=\"elementor-element elementor-element-b5adf3e elementor-hidden-mobile_extra elementor-hidden-mobile elementor-widget elementor-widget-text-editor\" data-id=\"b5adf3e\" data-element_type=\"widget\" data-e-type=\"widget\" data-widget_type=\"text-editor.default\">\n\t\t\t\t<div class=\"elementor-widget-container\">\n\t\t\t\t\t\t\t\t\t<h4 data-start=\"105\" data-end=\"449\"><strong>Sustainability<\/strong><\/h4>\t\t\t\t\t\t\t\t<\/div>\n\t\t\t\t<\/div>\n\t\t\t\t<div class=\"elementor-element elementor-element-0623060 elementor-align-start agrile-theme-style-yes elementor-hidden-mobile_extra elementor-hidden-mobile elementor-icon-list--layout-traditional elementor-list-item-link-full_width elementor-widget elementor-widget-icon-list\" data-id=\"0623060\" data-element_type=\"widget\" data-e-type=\"widget\" data-widget_type=\"icon-list.default\">\n\t\t\t\t<div class=\"elementor-widget-container\">\n\t\t\t\t\t\t\t<ul class=\"elementor-icon-list-items\">\n\t\t\t\t\t\t\t<li class=\"elementor-icon-list-item\">\n\t\t\t\t\t\t\t\t\t\t\t<span class=\"elementor-icon-list-icon\">\n\t\t\t\t\t\t\t<svg aria-hidden=\"true\" class=\"e-font-icon-svg e-fas-check\" viewbox=\"0 0 512 512\" xmlns=\"http:\/\/www.w3.org\/2000\/svg\"><path d=\"M173.898 439.404l-166.4-166.4c-9.997-9.997-9.997-26.206 0-36.204l36.203-36.204c9.997-9.998 26.207-9.998 36.204 0L192 312.69 432.095 72.596c9.997-9.997 26.207-9.997 36.204 0l36.203 36.204c9.997 9.997 9.997 26.206 0 36.204l-294.4 294.401c-9.998 9.997-26.207 9.997-36.204-.001z\"><\/path><\/svg>\t\t\t\t\t\t<\/span>\n\t\t\t\t\t\t\t\t\t\t<span class=\"elementor-icon-list-text\">What is Better Cotton? <\/span>\n\t\t\t\t\t\t\t\t\t<\/li>\n\t\t\t\t\t\t\t\t<li class=\"elementor-icon-list-item\">\n\t\t\t\t\t\t\t\t\t\t\t<span class=\"elementor-icon-list-icon\">\n\t\t\t\t\t\t\t<svg aria-hidden=\"true\" class=\"e-font-icon-svg e-fas-check\" viewbox=\"0 0 512 512\" xmlns=\"http:\/\/www.w3.org\/2000\/svg\"><path d=\"M173.898 439.404l-166.4-166.4c-9.997-9.997-9.997-26.206 0-36.204l36.203-36.204c9.997-9.998 26.207-9.998 36.204 0L192 312.69 432.095 72.596c9.997-9.997 26.207-9.997 36.204 0l36.203 36.204c9.997 9.997 9.997 26.206 0 36.204l-294.4 294.401c-9.998 9.997-26.207 9.997-36.204-.001z\"><\/path><\/svg>\t\t\t\t\t\t<\/span>\n\t\t\t\t\t\t\t\t\t\t<span class=\"elementor-icon-list-text\">Environmental protection<\/span>\n\t\t\t\t\t\t\t\t\t<\/li>\n\t\t\t\t\t\t\t\t<li class=\"elementor-icon-list-item\">\n\t\t\t\t\t\t\t\t\t\t\t<span class=\"elementor-icon-list-icon\">\n\t\t\t\t\t\t\t<svg aria-hidden=\"true\" class=\"e-font-icon-svg e-fas-check\" viewbox=\"0 0 512 512\" xmlns=\"http:\/\/www.w3.org\/2000\/svg\"><path d=\"M173.898 439.404l-166.4-166.4c-9.997-9.997-9.997-26.206 0-36.204l36.203-36.204c9.997-9.998 26.207-9.998 36.204 0L192 312.69 432.095 72.596c9.997-9.997 26.207-9.997 36.204 0l36.203 36.204c9.997 9.997 9.997 26.206 0 36.204l-294.4 294.401c-9.998 9.997-26.207 9.997-36.204-.001z\"><\/path><\/svg>\t\t\t\t\t\t<\/span>\n\t\t\t\t\t\t\t\t\t\t<span class=\"elementor-icon-list-text\">Irrigation and water efficiency<\/span>\n\t\t\t\t\t\t\t\t\t<\/li>\n\t\t\t\t\t\t\t\t<li class=\"elementor-icon-list-item\">\n\t\t\t\t\t\t\t\t\t\t\t<span class=\"elementor-icon-list-icon\">\n\t\t\t\t\t\t\t<svg aria-hidden=\"true\" class=\"e-font-icon-svg e-fas-check\" viewbox=\"0 0 512 512\" xmlns=\"http:\/\/www.w3.org\/2000\/svg\"><path d=\"M173.898 439.404l-166.4-166.4c-9.997-9.997-9.997-26.206 0-36.204l36.203-36.204c9.997-9.998 26.207-9.998 36.204 0L192 312.69 432.095 72.596c9.997-9.997 26.207-9.997 36.204 0l36.203 36.204c9.997 9.997 9.997 26.206 0 36.204l-294.4 294.401c-9.998 9.997-26.207 9.997-36.204-.001z\"><\/path><\/svg>\t\t\t\t\t\t<\/span>\n\t\t\t\t\t\t\t\t\t\t<span class=\"elementor-icon-list-text\">Land and cultivation<\/span>\n\t\t\t\t\t\t\t\t\t<\/li>\n\t\t\t\t\t\t\t\t<li class=\"elementor-icon-list-item\">\n\t\t\t\t\t\t\t\t\t\t\t<span class=\"elementor-icon-list-icon\">\n\t\t\t\t\t\t\t<svg aria-hidden=\"true\" class=\"e-font-icon-svg e-fas-check\" viewbox=\"0 0 512 512\" xmlns=\"http:\/\/www.w3.org\/2000\/svg\"><path d=\"M173.898 439.404l-166.4-166.4c-9.997-9.997-9.997-26.206 0-36.204l36.203-36.204c9.997-9.998 26.207-9.998 36.204 0L192 312.69 432.095 72.596c9.997-9.997 26.207-9.997 36.204 0l36.203 36.204c9.997 9.997 9.997 26.206 0 36.204l-294.4 294.401c-9.998 9.997-26.207 9.997-36.204-.001z\"><\/path><\/svg>\t\t\t\t\t\t<\/span>\n\t\t\t\t\t\t\t\t\t\t<span class=\"elementor-icon-list-text\">Social welfare<\/span>\n\t\t\t\t\t\t\t\t\t<\/li>\n\t\t\t\t\t\t\t\t<li class=\"elementor-icon-list-item\">\n\t\t\t\t\t\t\t\t\t\t\t<span class=\"elementor-icon-list-icon\">\n\t\t\t\t\t\t\t<svg aria-hidden=\"true\" class=\"e-font-icon-svg e-fas-check\" viewbox=\"0 0 512 512\" xmlns=\"http:\/\/www.w3.org\/2000\/svg\"><path d=\"M173.898 439.404l-166.4-166.4c-9.997-9.997-9.997-26.206 0-36.204l36.203-36.204c9.997-9.998 26.207-9.998 36.204 0L192 312.69 432.095 72.596c9.997-9.997 26.207-9.997 36.204 0l36.203 36.204c9.997 9.997 9.997 26.206 0 36.204l-294.4 294.401c-9.998 9.997-26.207 9.997-36.204-.001z\"><\/path><\/svg>\t\t\t\t\t\t<\/span>\n\t\t\t\t\t\t\t\t\t\t<span class=\"elementor-icon-list-text\">Layiqli \u0259m\u0259k &amp; gender b\u0259rab\u0259rliyi\u200b<\/span>\n\t\t\t\t\t\t\t\t\t<\/li>\n\t\t\t\t\t\t\t\t<li class=\"elementor-icon-list-item\">\n\t\t\t\t\t\t\t\t\t\t\t<span class=\"elementor-icon-list-icon\">\n\t\t\t\t\t\t\t<svg aria-hidden=\"true\" class=\"e-font-icon-svg e-fas-check\" viewbox=\"0 0 512 512\" xmlns=\"http:\/\/www.w3.org\/2000\/svg\"><path d=\"M173.898 439.404l-166.4-166.4c-9.997-9.997-9.997-26.206 0-36.204l36.203-36.204c9.997-9.998 26.207-9.998 36.204 0L192 312.69 432.095 72.596c9.997-9.997 26.207-9.997 36.204 0l36.203 36.204c9.997 9.997 9.997 26.206 0 36.204l-294.4 294.401c-9.998 9.997-26.207 9.997-36.204-.001z\"><\/path><\/svg>\t\t\t\t\t\t<\/span>\n\t\t\t\t\t\t\t\t\t\t<span class=\"elementor-icon-list-text\">U\u015faq \u0259m\u0259yin\u0259 qar\u015f\u0131 m\u00fcbariz\u0259\u200b<\/span>\n\t\t\t\t\t\t\t\t\t<\/li>\n\t\t\t\t\t\t<\/ul>\n\t\t\t\t\t\t<\/div>\n\t\t\t\t<\/div>\n\t\t\t\t<\/div>\n\t\t\t\t<\/div>\n\t\t\t\t<\/div>\n\t\t<div class=\"elementor-element elementor-element-8c21c7e e-con-full e-flex e-con e-child\" data-id=\"8c21c7e\" data-element_type=\"container\" data-e-type=\"container\">\n\t\t\t\t<div class=\"elementor-element elementor-element-af20681 elementor-widget elementor-widget-heading\" data-id=\"af20681\" data-element_type=\"widget\" data-e-type=\"widget\" data-widget_type=\"heading.default\">\n\t\t\t\t<div class=\"elementor-widget-container\">\n\t\t\t\t\t<h3 class=\"elementor-heading-title elementor-size-default\">Layiqli \u0259m\u0259k v\u0259 gender b\u0259rab\u0259rliyi<\/h3>\t\t\t\t<\/div>\n\t\t\t\t<\/div>\n\t\t\t\t<div class=\"elementor-element elementor-element-ec60a45 elementor-widget elementor-widget-text-editor\" data-id=\"ec60a45\" data-element_type=\"widget\" data-e-type=\"widget\" data-widget_type=\"text-editor.default\">\n\t\t\t\t<div class=\"elementor-widget-container\">\n\t\t\t\t\t\t\t\t\t<p data-start=\"275\" data-end=\"516\">ACPA-n\u0131n \u0259sas prioritetl\u0259rind\u0259n biri pamb\u0131q\u00e7\u0131l\u0131qda layiqli \u0259m\u0259k \u015f\u0259rtl\u0259rinin yarad\u0131lmas\u0131 v\u0259 gender b\u0259rab\u0259rliyinin t\u0259min edilm\u0259sidir. M\u0259qs\u0259d h\u0259m qad\u0131nlar\u0131n, h\u0259m d\u0259 ki\u015fil\u0259rin k\u0259nd t\u0259s\u0259rr\u00fcfat\u0131nda b\u0259rab\u0259r imkanlarla f\u0259aliyy\u0259tini d\u0259st\u0259kl\u0259m\u0259kdir.<\/p>\t\t\t\t\t\t\t\t<\/div>\n\t\t\t\t<\/div>\n\t\t<div class=\"elementor-element elementor-element-3646c92 e-con-full e-flex e-con e-child\" data-id=\"3646c92\" data-element_type=\"container\" data-e-type=\"container\">\n\t\t<div class=\"elementor-element elementor-element-564e7d1 e-con-full e-flex e-con e-child\" data-id=\"564e7d1\" data-element_type=\"container\" data-e-type=\"container\">\n\t\t\t\t<div class=\"elementor-element elementor-element-56723a6 elementor-widget elementor-widget-image\" data-id=\"56723a6\" data-element_type=\"widget\" data-e-type=\"widget\" data-widget_type=\"image.default\">\n\t\t\t\t<div class=\"elementor-widget-container\">\n\t\t\t\t\t\t\t\t\t\t\t\t\t\t\t<img decoding=\"async\" src=\"http:\/\/source.wpopal.com\/agrile\/wp-content\/uploads\/2024\/11\/demo-content09.jpg\" title=\"\" alt=\"\" loading=\"lazy\" \/>\t\t\t\t\t\t\t\t\t\t\t\t\t\t\t<\/div>\n\t\t\t\t<\/div>\n\t\t\t\t<\/div>\n\t\t<div class=\"elementor-element elementor-element-71a71ce e-con-full e-flex e-con e-child\" data-id=\"71a71ce\" data-element_type=\"container\" data-e-type=\"container\">\n\t\t\t\t<div class=\"elementor-element elementor-element-9fb62d7 elementor-widget elementor-widget-image\" data-id=\"9fb62d7\" data-element_type=\"widget\" data-e-type=\"widget\" data-widget_type=\"image.default\">\n\t\t\t\t<div class=\"elementor-widget-container\">\n\t\t\t\t\t\t\t\t\t\t\t\t\t\t\t<img fetchpriority=\"high\" decoding=\"async\" width=\"410\" height=\"310\" src=\"https:\/\/cotton.az\/wp-content\/uploads\/2024\/11\/demo-content10.jpg\" class=\"attachment-full size-full wp-image-647\" alt=\"\" srcset=\"https:\/\/cotton.az\/wp-content\/uploads\/2024\/11\/demo-content10.jpg 410w, https:\/\/cotton.az\/wp-content\/uploads\/2024\/11\/demo-content10-300x227.jpg 300w\" sizes=\"(max-width: 410px) 100vw, 410px\" \/>\t\t\t\t\t\t\t\t\t\t\t\t\t\t\t<\/div>\n\t\t\t\t<\/div>\n\t\t\t\t<\/div>\n\t\t\t\t<\/div>\n\t\t\t\t<div class=\"elementor-element elementor-element-3a252fa elementor-widget elementor-widget-heading\" data-id=\"3a252fa\" data-element_type=\"widget\" data-e-type=\"widget\" data-widget_type=\"heading.default\">\n\t\t\t\t<div class=\"elementor-widget-container\">\n\t\t\t\t\t<h4 class=\"elementor-heading-title elementor-size-default\">Pamb\u0131q\u00e7\u0131l\u0131qda layiqli \u0259m\u0259k \u015f\u0259rtl\u0259ri v\u0259 gender t\u0259\u015f\u0259bb\u00fcsl\u0259ri<\/h4>\t\t\t\t<\/div>\n\t\t\t\t<\/div>\n\t\t\t\t<div class=\"elementor-element elementor-element-2fb6c31 elementor-widget elementor-widget-text-editor\" data-id=\"2fb6c31\" data-element_type=\"widget\" data-e-type=\"widget\" data-widget_type=\"text-editor.default\">\n\t\t\t\t<div class=\"elementor-widget-container\">\n\t\t\t\t\t\t\t\t\t<p data-start=\"568\" data-end=\"969\"><strong data-start=\"568\" data-end=\"593\">Layiqli \u0259m\u0259k \u015f\u0259rtl\u0259ri<\/strong> pamb\u0131q\u00e7\u0131l\u0131qda sosial \u0259dal\u0259tin v\u0259 i\u015f\u00e7i rifah\u0131n\u0131n t\u0259min edilm\u0259sind\u0259 m\u00fch\u00fcm rol oynay\u0131r. Fermer v\u0259 i\u015f\u00e7il\u0259r \u00fc\u00e7\u00fcn t\u0259hl\u00fck\u0259siz v\u0259 sa\u011flam i\u015f \u015f\u0259raitinin t\u0259\u015fviqi, \u0259m\u0259k haqq\u0131n\u0131n \u0259dal\u0259tli v\u0259 \u015f\u0259ffaf prinsipl\u0259rl\u0259 m\u00fc\u0259yy\u0259n edilm\u0259si \u0259sas h\u0259d\u0259fl\u0259rd\u0259ndir. M\u00f6vs\u00fcmi i\u015f\u00e7il\u0259rin h\u00fcquqlar\u0131n\u0131n qorunmas\u0131 v\u0259 onlara sosial d\u0259st\u0259k imkanlar\u0131n\u0131n art\u0131r\u0131lmas\u0131 da ACPA-n\u0131n f\u0259aliyy\u0259t istiqam\u0259tl\u0259rin\u0259 daxildir.<\/p><p data-start=\"971\" data-end=\"1358\"><strong data-start=\"971\" data-end=\"1006\">Gender b\u0259rab\u0259rliyi t\u0259\u015f\u0259bb\u00fcsl\u0259ri<\/strong> k\u0259nd t\u0259s\u0259rr\u00fcfat\u0131nda qad\u0131nlar\u0131n rolunu g\u00fccl\u0259ndirm\u0259y\u0259 y\u00f6n\u0259lib. Qad\u0131nlar\u0131n pamb\u0131q t\u0259s\u0259rr\u00fcfatlar\u0131nda liderlik rollar\u0131na c\u0259lb olunmas\u0131, onlar\u0131n t\u0259liml\u0259r\u0259 v\u0259 maliyy\u0259 imkanlar\u0131na \u00e7\u0131x\u0131\u015f\u0131n\u0131n geni\u015fl\u0259ndirilm\u0259si bu istiqam\u0259td\u0259 at\u0131lan m\u00fch\u00fcm add\u0131mlard\u0131r. H\u0259m\u00e7inin, gender \u0259sasl\u0131 ayr\u0131-se\u00e7kiliyin qar\u015f\u0131s\u0131n\u0131n al\u0131nmas\u0131 \u00fc\u00e7\u00fcn maarifl\u0259ndirm\u0259 t\u0259dbirl\u0259ri h\u0259yata ke\u00e7irilir.<\/p><p data-start=\"1360\" data-end=\"1706\"><strong data-start=\"1360\" data-end=\"1387\">Azerbaijan has great potential<\/strong> bu sah\u0259d\u0259 geni\u015fdir. B\u0259zi sah\u0259l\u0259rd\u0259 bu t\u0259\u015f\u0259bb\u00fcsl\u0259r h\u0259l\u0259 tam t\u0259tbiq olunmasa da, ACPA onlar\u0131n geni\u015f \u015f\u0259kild\u0259 icras\u0131n\u0131 d\u0259st\u0259kl\u0259yir v\u0259 planla\u015fd\u0131r\u0131r. Bu yana\u015fma k\u0259nd t\u0259s\u0259rr\u00fcfat\u0131n\u0131n h\u0259m sosial, h\u0259m d\u0259 iqtisadi inki\u015faf\u0131na m\u00fch\u00fcm t\u00f6hf\u0259 verir, eyni zamanda k\u0259nd yerl\u0259rind\u0259 b\u0259rab\u0259rlik v\u0259 dayan\u0131ql\u0131l\u0131\u011f\u0131n g\u00fccl\u0259nm\u0259sin\u0259 xidm\u0259t edir.<\/p>\t\t\t\t\t\t\t\t<\/div>\n\t\t\t\t<\/div>\n\t\t\t\t<div class=\"elementor-element elementor-element-88b7cbf elementor-widget-divider--view-line elementor-widget elementor-widget-divider\" data-id=\"88b7cbf\" data-element_type=\"widget\" data-e-type=\"widget\" data-widget_type=\"divider.default\">\n\t\t\t\t<div class=\"elementor-widget-container\">\n\t\t\t\t\t\t\t<div class=\"elementor-divider\">\n\t\t\t<span class=\"elementor-divider-separator\">\n\t\t\t\t\t\t<\/span>\n\t\t<\/div>\n\t\t\t\t\t\t<\/div>\n\t\t\t\t<\/div>\n\t\t\t\t<\/div>\n\t\t\t\t\t<\/div>\n\t\t\t\t<\/div>\n\t\t<div class=\"elementor-element elementor-element-1a4426c e-flex e-con-boxed e-con e-parent\" data-id=\"1a4426c\" data-element_type=\"container\" data-e-type=\"container\">\n\t\t\t\t\t<div class=\"e-con-inner\">\n\t\t\t\t<div class=\"elementor-element elementor-element-11708ec elementor-widget elementor-widget-heading\" data-id=\"11708ec\" data-element_type=\"widget\" data-e-type=\"widget\" data-widget_type=\"heading.default\">\n\t\t\t\t<div class=\"elementor-widget-container\">\n\t\t\t\t\t<h4 class=\"elementor-heading-title elementor-size-default\">Better Cotton principles<\/h4>\t\t\t\t<\/div>\n\t\t\t\t<\/div>\n\t\t\t\t<div class=\"elementor-element elementor-element-2722485 elementor-widget elementor-widget-image-gallery\" data-id=\"2722485\" data-element_type=\"widget\" data-e-type=\"widget\" data-widget_type=\"image-gallery.default\">\n\t\t\t\t<div class=\"elementor-widget-container\">\n\t\t\t\t\t\t\t<div class=\"elementor-image-gallery\">\n\t\t\t<div id='gallery-1' class='gallery galleryid-6218 gallery-columns-4 gallery-size-full'><figure class='gallery-item'>\n\t\t\t<div class='gallery-icon landscape'>\n\t\t\t\t<a data-elementor-open-lightbox=\"no\" href='https:\/\/cotton.az\/wp-content\/uploads\/2025\/08\/bci-p-1.png'><img decoding=\"async\" width=\"500\" height=\"500\" src=\"https:\/\/cotton.az\/wp-content\/uploads\/2025\/08\/bci-p-1.png\" class=\"attachment-full size-full\" alt=\"\" srcset=\"https:\/\/cotton.az\/wp-content\/uploads\/2025\/08\/bci-p-1.png 500w, https:\/\/cotton.az\/wp-content\/uploads\/2025\/08\/bci-p-1-300x300.png 300w, https:\/\/cotton.az\/wp-content\/uploads\/2025\/08\/bci-p-1-150x150.png 150w, https:\/\/cotton.az\/wp-content\/uploads\/2025\/08\/bci-p-1-12x12.png 12w\" sizes=\"(max-width: 500px) 100vw, 500px\" \/><\/a>\n\t\t\t<\/div><\/figure><figure class='gallery-item'>\n\t\t\t<div class='gallery-icon landscape'>\n\t\t\t\t<a data-elementor-open-lightbox=\"no\" href='https:\/\/cotton.az\/wp-content\/uploads\/2025\/08\/bci-p-5.png'><img decoding=\"async\" width=\"500\" height=\"500\" src=\"https:\/\/cotton.az\/wp-content\/uploads\/2025\/08\/bci-p-5.png\" class=\"attachment-full size-full\" alt=\"\" srcset=\"https:\/\/cotton.az\/wp-content\/uploads\/2025\/08\/bci-p-5.png 500w, https:\/\/cotton.az\/wp-content\/uploads\/2025\/08\/bci-p-5-300x300.png 300w, https:\/\/cotton.az\/wp-content\/uploads\/2025\/08\/bci-p-5-150x150.png 150w, https:\/\/cotton.az\/wp-content\/uploads\/2025\/08\/bci-p-5-12x12.png 12w\" sizes=\"(max-width: 500px) 100vw, 500px\" \/><\/a>\n\t\t\t<\/div><\/figure><figure class='gallery-item'>\n\t\t\t<div class='gallery-icon landscape'>\n\t\t\t\t<a data-elementor-open-lightbox=\"no\" href='https:\/\/cotton.az\/wp-content\/uploads\/2025\/08\/bci-p-4.png'><img loading=\"lazy\" decoding=\"async\" width=\"500\" height=\"500\" src=\"https:\/\/cotton.az\/wp-content\/uploads\/2025\/08\/bci-p-4.png\" class=\"attachment-full size-full\" alt=\"\" srcset=\"https:\/\/cotton.az\/wp-content\/uploads\/2025\/08\/bci-p-4.png 500w, https:\/\/cotton.az\/wp-content\/uploads\/2025\/08\/bci-p-4-300x300.png 300w, https:\/\/cotton.az\/wp-content\/uploads\/2025\/08\/bci-p-4-150x150.png 150w, https:\/\/cotton.az\/wp-content\/uploads\/2025\/08\/bci-p-4-12x12.png 12w\" sizes=\"(max-width: 500px) 100vw, 500px\" \/><\/a>\n\t\t\t<\/div><\/figure><figure class='gallery-item'>\n\t\t\t<div class='gallery-icon landscape'>\n\t\t\t\t<a data-elementor-open-lightbox=\"no\" href='https:\/\/cotton.az\/wp-content\/uploads\/2025\/08\/bci-p-3.png'><img loading=\"lazy\" decoding=\"async\" width=\"500\" height=\"500\" src=\"https:\/\/cotton.az\/wp-content\/uploads\/2025\/08\/bci-p-3.png\" class=\"attachment-full size-full\" alt=\"\" srcset=\"https:\/\/cotton.az\/wp-content\/uploads\/2025\/08\/bci-p-3.png 500w, https:\/\/cotton.az\/wp-content\/uploads\/2025\/08\/bci-p-3-300x300.png 300w, https:\/\/cotton.az\/wp-content\/uploads\/2025\/08\/bci-p-3-150x150.png 150w, https:\/\/cotton.az\/wp-content\/uploads\/2025\/08\/bci-p-3-12x12.png 12w\" sizes=\"(max-width: 500px) 100vw, 500px\" \/><\/a>\n\t\t\t<\/div><\/figure><figure class='gallery-item'>\n\t\t\t<div class='gallery-icon landscape'>\n\t\t\t\t<a data-elementor-open-lightbox=\"no\" href='https:\/\/cotton.az\/wp-content\/uploads\/2025\/08\/bci-p-2.png'><img loading=\"lazy\" decoding=\"async\" width=\"500\" height=\"500\" src=\"https:\/\/cotton.az\/wp-content\/uploads\/2025\/08\/bci-p-2.png\" class=\"attachment-full size-full\" alt=\"\" srcset=\"https:\/\/cotton.az\/wp-content\/uploads\/2025\/08\/bci-p-2.png 500w, https:\/\/cotton.az\/wp-content\/uploads\/2025\/08\/bci-p-2-300x300.png 300w, https:\/\/cotton.az\/wp-content\/uploads\/2025\/08\/bci-p-2-150x150.png 150w, https:\/\/cotton.az\/wp-content\/uploads\/2025\/08\/bci-p-2-12x12.png 12w\" sizes=\"(max-width: 500px) 100vw, 500px\" \/><\/a>\n\t\t\t<\/div><\/figure><figure class='gallery-item'>\n\t\t\t<div class='gallery-icon landscape'>\n\t\t\t\t<a data-elementor-open-lightbox=\"no\" href='https:\/\/cotton.az\/wp-content\/uploads\/2025\/08\/8.png'><img loading=\"lazy\" decoding=\"async\" width=\"500\" height=\"500\" src=\"https:\/\/cotton.az\/wp-content\/uploads\/2025\/08\/8.png\" class=\"attachment-full size-full\" alt=\"\" srcset=\"https:\/\/cotton.az\/wp-content\/uploads\/2025\/08\/8.png 500w, https:\/\/cotton.az\/wp-content\/uploads\/2025\/08\/8-300x300.png 300w, https:\/\/cotton.az\/wp-content\/uploads\/2025\/08\/8-150x150.png 150w, https:\/\/cotton.az\/wp-content\/uploads\/2025\/08\/8-12x12.png 12w\" sizes=\"(max-width: 500px) 100vw, 500px\" \/><\/a>\n\t\t\t<\/div><\/figure><figure class='gallery-item'>\n\t\t\t<div class='gallery-icon landscape'>\n\t\t\t\t<a data-elementor-open-lightbox=\"no\" href='https:\/\/cotton.az\/wp-content\/uploads\/2025\/08\/7.png'><img loading=\"lazy\" decoding=\"async\" width=\"500\" height=\"500\" src=\"https:\/\/cotton.az\/wp-content\/uploads\/2025\/08\/7.png\" class=\"attachment-full size-full\" alt=\"\" srcset=\"https:\/\/cotton.az\/wp-content\/uploads\/2025\/08\/7.png 500w, https:\/\/cotton.az\/wp-content\/uploads\/2025\/08\/7-300x300.png 300w, https:\/\/cotton.az\/wp-content\/uploads\/2025\/08\/7-150x150.png 150w, https:\/\/cotton.az\/wp-content\/uploads\/2025\/08\/7-12x12.png 12w\" sizes=\"(max-width: 500px) 100vw, 500px\" \/><\/a>\n\t\t\t<\/div><\/figure><figure class='gallery-item'>\n\t\t\t<div class='gallery-icon landscape'>\n\t\t\t\t<a data-elementor-open-lightbox=\"no\" href='https:\/\/cotton.az\/wp-content\/uploads\/2025\/08\/6.png'><img loading=\"lazy\" decoding=\"async\" width=\"500\" height=\"500\" src=\"https:\/\/cotton.az\/wp-content\/uploads\/2025\/08\/6.png\" class=\"attachment-full size-full\" alt=\"\" srcset=\"https:\/\/cotton.az\/wp-content\/uploads\/2025\/08\/6.png 500w, https:\/\/cotton.az\/wp-content\/uploads\/2025\/08\/6-300x300.png 300w, https:\/\/cotton.az\/wp-content\/uploads\/2025\/08\/6-150x150.png 150w, https:\/\/cotton.az\/wp-content\/uploads\/2025\/08\/6-12x12.png 12w\" sizes=\"(max-width: 500px) 100vw, 500px\" \/><\/a>\n\t\t\t<\/div><\/figure>\n\t\t<\/div>\n\t\t<\/div>\n\t\t\t\t\t\t<\/div>\n\t\t\t\t<\/div>\n\t\t\t\t\t<\/div>\n\t\t\t\t<\/div>\n\t\t<div class=\"elementor-element elementor-element-a21f8cd e-flex e-con-boxed elementor-invisible e-con e-parent\" data-id=\"a21f8cd\" data-element_type=\"container\" data-e-type=\"container\" data-settings=\"{&quot;background_background&quot;:&quot;classic&quot;,&quot;shape_divider_bottom&quot;:&quot;curve&quot;,&quot;shape_divider_bottom_negative&quot;:&quot;yes&quot;,&quot;animation&quot;:&quot;fadeInUp&quot;}\">\n\t\t\t\t\t<div class=\"e-con-inner\">\n\t\t\t\t<div class=\"elementor-shape elementor-shape-bottom\" aria-hidden=\"true\" data-negative=\"true\">\n\t\t\t<svg xmlns=\"http:\/\/www.w3.org\/2000\/svg\" viewbox=\"0 0 1000 100\" preserveaspectratio=\"none\">\n\t<path class=\"elementor-shape-fill\" d=\"M500,97C126.7,96.3,0.8,19.8,0,0v100l1000,0V1C1000,19.4,873.3,97.8,500,97z\"\/>\n<\/svg>\t\t<\/div>\n\t\t\t\t<div class=\"elementor-element elementor-element-0e8fd73 elementor-agrile-video-style-popup elementor-widget elementor-widget-agrile-video-popup\" data-id=\"0e8fd73\" data-element_type=\"widget\" data-e-type=\"widget\" data-widget_type=\"agrile-video-popup.default\">\n\t\t\t\t<div class=\"elementor-widget-container\">\n\t\t\t\t\t        <div class=\"elementor-video-wrapper agrile-video-popup\">\n\n            <a class=\"elementor-video-popup\" role=\"button\" href=\"https:\/\/www.youtube.com\/watch?v=ucwSb9iGOJY\" data-effect=\"mfp-zoom-in\">\n                    <span class=\"video-content\">\n                        \n                                            <\/span>\n\n                    <span class=\"elementor-video-icon video-icon-align-before\">\n                    <span class=\"animation animation-1\"> <\/span>\n                    <span class=\"animation animation-2\"> <\/span>\n                    <span class=\"animation animation-3\"> <\/span>\n                    <i aria-hidden=\"true\" class=\"agrile-icon- agrile-icon-play-fill\"><\/i>                    <\/span>\n            <\/a>\n        <\/div>\n        \t\t\t\t<\/div>\n\t\t\t\t<\/div>\n\t\t\t\t<div class=\"elementor-element elementor-element-1995956 elementor-widget__width-initial elementor-absolute rotate elementor-widget elementor-widget-text-path\" data-id=\"1995956\" data-element_type=\"widget\" data-e-type=\"widget\" data-settings=\"{&quot;text&quot;:&quot;- explore farm video - explore farm video&quot;,&quot;_position&quot;:&quot;absolute&quot;,&quot;link&quot;:{&quot;url&quot;:&quot;&quot;,&quot;is_external&quot;:&quot;&quot;,&quot;nofollow&quot;:&quot;&quot;,&quot;custom_attributes&quot;:&quot;&quot;},&quot;start_point&quot;:{&quot;unit&quot;:&quot;%&quot;,&quot;size&quot;:0,&quot;sizes&quot;:[]}}\" data-widget_type=\"text-path.default\">\n\t\t\t\t<div class=\"elementor-widget-container\">\n\t\t\t\t\t\t\t<div class=\"e-text-path\" data-text=\"- explore farm video - explore farm video\" data-url=\"\/\/cotton.az\/wp-content\/plugins\/elementor\/assets\/svg-paths\/circle.svg\" data-link-url=\"\"><\/div>\n\t\t\t\t\t\t<\/div>\n\t\t\t\t<\/div>\n\t\t\t\t<div class=\"elementor-element elementor-element-ef7061f elementor-widget__width-initial elementor-widget elementor-widget-heading\" data-id=\"ef7061f\" data-element_type=\"widget\" data-e-type=\"widget\" data-widget_type=\"heading.default\">\n\t\t\t\t<div class=\"elementor-widget-container\">\n\t\t\t\t\t<h1 class=\"elementor-heading-title elementor-size-default\">\n                 What is Better Cotton?<\/h1>\t\t\t\t<\/div>\n\t\t\t\t<\/div>\n\t\t\t\t\t<\/div>\n\t\t\t\t<\/div>\n\t\t\t\t<\/div>","protected":false},"excerpt":{"rendered":"<p>Dayan\u0131ql\u0131l\u0131q Better Cotton n\u0259dir? \u018ftraf m\u00fchitin qorunmas\u0131 Suvarma v\u0259 su s\u0259m\u0259r\u0259liliyi Torpaq v\u0259 \u0259kin Sosial rifah Layiqli \u0259m\u0259k &#038; gender b\u0259rab\u0259rliyi\u200b U\u015faq \u0259m\u0259yin\u0259 qar\u015f\u0131 m\u00fcbariz\u0259\u200b Layiqli \u0259m\u0259k v\u0259 gender b\u0259rab\u0259rliyi ACPA-n\u0131n \u0259sas prioritetl\u0259rind\u0259n biri pamb\u0131q\u00e7\u0131l\u0131qda layiqli \u0259m\u0259k \u015f\u0259rtl\u0259rinin yarad\u0131lmas\u0131 v\u0259 gender b\u0259rab\u0259rliyinin t\u0259min edilm\u0259sidir. M\u0259qs\u0259d h\u0259m qad\u0131nlar\u0131n, h\u0259m d\u0259 ki\u015fil\u0259rin k\u0259nd t\u0259s\u0259rr\u00fcfat\u0131nda b\u0259rab\u0259r imkanlarla f\u0259aliyy\u0259tini [&hellip;]<\/p>\n","protected":false},"author":1,"featured_media":0,"parent":0,"menu_order":0,"comment_status":"closed","ping_status":"closed","template":"","meta":{"footnotes":""},"class_list":["post-6218","page","type-page","status-publish","hentry"],"_links":{"self":[{"href":"https:\/\/cotton.az\/en\/wp-json\/wp\/v2\/pages\/6218","targetHints":{"allow":["GET"]}}],"collection":[{"href":"https:\/\/cotton.az\/en\/wp-json\/wp\/v2\/pages"}],"about":[{"href":"https:\/\/cotton.az\/en\/wp-json\/wp\/v2\/types\/page"}],"author":[{"embeddable":true,"href":"https:\/\/cotton.az\/en\/wp-json\/wp\/v2\/users\/1"}],"replies":[{"embeddable":true,"href":"https:\/\/cotton.az\/en\/wp-json\/wp\/v2\/comments?post=6218"}],"version-history":[{"count":7,"href":"https:\/\/cotton.az\/en\/wp-json\/wp\/v2\/pages\/6218\/revisions"}],"predecessor-version":[{"id":6318,"href":"https:\/\/cotton.az\/en\/wp-json\/wp\/v2\/pages\/6218\/revisions\/6318"}],"wp:attachment":[{"href":"https:\/\/cotton.az\/en\/wp-json\/wp\/v2\/media?parent=6218"}],"curies":[{"name":"wp","href":"https:\/\/api.w.org\/{rel}","templated":true}]}}