{"id":6686,"date":"2025-09-12T10:58:00","date_gmt":"2025-09-12T06:58:00","guid":{"rendered":"https:\/\/cotton.az\/?page_id=6686"},"modified":"2026-03-31T12:45:37","modified_gmt":"2026-03-31T08:45:37","slug":"uzvl%c9%99rimiz-v%c9%99-t%c9%99r%c9%99fdaslar","status":"publish","type":"page","link":"https:\/\/cotton.az\/en\/uzvl%c9%99rimiz-v%c9%99-t%c9%99r%c9%99fdaslar\/","title":{"rendered":"Our partners and members"},"content":{"rendered":"<div data-elementor-type=\"wp-page\" data-elementor-id=\"6686\" class=\"elementor elementor-6686\" data-elementor-post-type=\"page\">\n\t\t\t\t<div class=\"elementor-element elementor-element-d288fba e-flex e-con-boxed e-con e-parent\" data-id=\"d288fba\" data-element_type=\"container\" data-e-type=\"container\">\n\t\t\t\t\t<div class=\"e-con-inner\">\n\t\t\t\t<div class=\"elementor-element elementor-element-c992fb5 elementor-align-left subtitle-position-below elementor-widget elementor-widget-agrile-heading\" data-id=\"c992fb5\" data-element_type=\"widget\" data-e-type=\"widget\" data-widget_type=\"agrile-heading.default\">\n\t\t\t\t<div class=\"elementor-widget-container\">\n\t\t\t\t\t<div class=\"elementor-heading-wrapper-inner\"><h2 class=\"elementor-heading-title elementor-size-default\">Our Partners<\/h2><div class=\"elementor-sub-title\"><span>Stronger Together \u2013 Our Collaboration Network for Sustainable Development in the Cotton Sector<\/span><\/div><\/div>\t\t\t\t<\/div>\n\t\t\t\t<\/div>\n\t\t\t\t\t<\/div>\n\t\t\t\t<\/div>\n\t\t<div class=\"elementor-element elementor-element-a4ae656 e-flex e-con-boxed e-con e-parent\" data-id=\"a4ae656\" data-element_type=\"container\" data-e-type=\"container\">\n\t\t\t\t\t<div class=\"e-con-inner\">\n\t\t\t\t<div class=\"elementor-element elementor-element-471ba74 elementor-grid-mobile-2 image-carousel-updown-custom elementor-grid-4 elementor-widget elementor-widget-agrile-image-carousel\" data-id=\"471ba74\" data-element_type=\"widget\" data-e-type=\"widget\" data-settings=\"{&quot;column_mobile&quot;:&quot;2&quot;,&quot;column&quot;:4,&quot;column_spacing&quot;:{&quot;unit&quot;:&quot;px&quot;,&quot;size&quot;:30,&quot;sizes&quot;:[]},&quot;column_spacing_laptop&quot;:{&quot;unit&quot;:&quot;px&quot;,&quot;size&quot;:&quot;&quot;,&quot;sizes&quot;:[]},&quot;column_spacing_tablet_extra&quot;:{&quot;unit&quot;:&quot;px&quot;,&quot;size&quot;:&quot;&quot;,&quot;sizes&quot;:[]},&quot;column_spacing_tablet&quot;:{&quot;unit&quot;:&quot;px&quot;,&quot;size&quot;:&quot;&quot;,&quot;sizes&quot;:[]},&quot;column_spacing_mobile_extra&quot;:{&quot;unit&quot;:&quot;px&quot;,&quot;size&quot;:&quot;&quot;,&quot;sizes&quot;:[]},&quot;column_spacing_mobile&quot;:{&quot;unit&quot;:&quot;px&quot;,&quot;size&quot;:&quot;&quot;,&quot;sizes&quot;:[]}}\" data-widget_type=\"agrile-image-carousel.default\">\n\t\t\t\t<div class=\"elementor-widget-container\">\n\t\t\t\t\t            <div class=\"elementor-image-carousel-item-wrapper agrile-wrapper\">\n                <div class=\"agrile-con\">\n                    <div class=\"agrile-con-inner elementor-grid\">\n                                                    <div >\n                                <a href=\"https:\/\/cotton.az\/en\/ktn\/\">\n                                                                        <img decoding=\"async\" class=\"image\" src=\"https:\/\/cotton.az\/wp-content\/uploads\/2025\/09\/ktn-logo.png\" alt=\"image\">\n                                                                    <\/a>\n                            <\/div>\n                                                    <div >\n                                <a href=\"https:\/\/cotton.az\/en\/axa\/\">\n                                                                        <img decoding=\"async\" class=\"image\" src=\"https:\/\/cotton.az\/wp-content\/uploads\/2025\/09\/axa.png\" alt=\"image\">\n                                                                    <\/a>\n                            <\/div>\n                                                    <div >\n                                <a href=\"https:\/\/cotton.az\/en\/aqta\/\">\n                                                                        <img decoding=\"async\" class=\"image\" src=\"https:\/\/cotton.az\/wp-content\/uploads\/2025\/09\/aqta.png\" alt=\"image\">\n                                                                    <\/a>\n                            <\/div>\n                                                    <div >\n                                <a href=\"https:\/\/cotton.az\/en\/asf\/\">\n                                                                        <img decoding=\"async\" class=\"image\" src=\"https:\/\/cotton.az\/wp-content\/uploads\/2025\/09\/aqrar-sigorta-fond.png\" alt=\"image\">\n                                                                    <\/a>\n                            <\/div>\n                                            <\/div>\n                <\/div>\n\n                            <\/div>\n            \t\t\t\t<\/div>\n\t\t\t\t<\/div>\n\t\t\t\t<div class=\"elementor-element elementor-element-9170cfb elementor-align-left subtitle-position-below elementor-widget elementor-widget-agrile-heading\" data-id=\"9170cfb\" data-element_type=\"widget\" data-e-type=\"widget\" data-widget_type=\"agrile-heading.default\">\n\t\t\t\t<div class=\"elementor-widget-container\">\n\t\t\t\t\t<div class=\"elementor-heading-wrapper-inner\"><h2 class=\"elementor-heading-title elementor-size-default\">\u00dczvl\u0259rimiz - yerli<\/h2><div class=\"elementor-sub-title\"><span>Stronger Together \u2013 Our Collaboration Network for Sustainable Development in the Cotton Sector<\/span><\/div><\/div>\t\t\t\t<\/div>\n\t\t\t\t<\/div>\n\t\t\t\t\t<\/div>\n\t\t\t\t<\/div>\n\t\t<div class=\"elementor-element elementor-element-85a2dac e-flex e-con-boxed e-con e-parent\" data-id=\"85a2dac\" data-element_type=\"container\" data-e-type=\"container\">\n\t\t\t\t\t<div class=\"e-con-inner\">\n\t\t\t\t<div class=\"elementor-element elementor-element-6123d23 elementor-grid-mobile-2 elementor-grid-4 elementor-widget elementor-widget-agrile-image-carousel\" data-id=\"6123d23\" data-element_type=\"widget\" data-e-type=\"widget\" data-settings=\"{&quot;column_mobile&quot;:&quot;2&quot;,&quot;column&quot;:4,&quot;column_spacing&quot;:{&quot;unit&quot;:&quot;px&quot;,&quot;size&quot;:30,&quot;sizes&quot;:[]},&quot;column_spacing_laptop&quot;:{&quot;unit&quot;:&quot;px&quot;,&quot;size&quot;:&quot;&quot;,&quot;sizes&quot;:[]},&quot;column_spacing_tablet_extra&quot;:{&quot;unit&quot;:&quot;px&quot;,&quot;size&quot;:&quot;&quot;,&quot;sizes&quot;:[]},&quot;column_spacing_tablet&quot;:{&quot;unit&quot;:&quot;px&quot;,&quot;size&quot;:&quot;&quot;,&quot;sizes&quot;:[]},&quot;column_spacing_mobile_extra&quot;:{&quot;unit&quot;:&quot;px&quot;,&quot;size&quot;:&quot;&quot;,&quot;sizes&quot;:[]},&quot;column_spacing_mobile&quot;:{&quot;unit&quot;:&quot;px&quot;,&quot;size&quot;:&quot;&quot;,&quot;sizes&quot;:[]}}\" data-widget_type=\"agrile-image-carousel.default\">\n\t\t\t\t<div class=\"elementor-widget-container\">\n\t\t\t\t\t            <div class=\"elementor-image-carousel-item-wrapper agrile-wrapper\">\n                <div class=\"agrile-con\">\n                    <div class=\"agrile-con-inner elementor-grid\">\n                                                    <div >\n                                <a href=\"https:\/\/cotton.az\/en\/prime-cotton\/\">\n                                                                        <img decoding=\"async\" class=\"image\" src=\"https:\/\/cotton.az\/wp-content\/uploads\/2025\/09\/prime-cotton-1.png\" alt=\"image\">\n                                                                    <\/a>\n                            <\/div>\n                                                    <div >\n                                <a href=\"https:\/\/cotton.az\/en\/azerpambiq\/\">\n                                                                        <img decoding=\"async\" class=\"image\" src=\"https:\/\/cotton.az\/wp-content\/uploads\/2025\/09\/azerpambiq-logo-1-1.png\" alt=\"image\">\n                                                                    <\/a>\n                            <\/div>\n                                                    <div >\n                                <a href=\"https:\/\/cotton.az\/en\/az%c9%99r-s%c9%99k%c9%99r\/\">\n                                                                        <img decoding=\"async\" class=\"image\" src=\"https:\/\/cotton.az\/wp-content\/uploads\/2025\/09\/azerseker-logo-1-1.png\" alt=\"image\">\n                                                                    <\/a>\n                            <\/div>\n                                                    <div >\n                                <a href=\"https:\/\/cotton.az\/en\/p-aqro\/\">\n                                                                        <img decoding=\"async\" class=\"image\" src=\"https:\/\/cotton.az\/wp-content\/uploads\/2025\/09\/p-aqro-logo-1-1.png\" alt=\"image\">\n                                                                    <\/a>\n                            <\/div>\n                                            <\/div>\n                <\/div>\n\n                            <\/div>\n            \t\t\t\t<\/div>\n\t\t\t\t<\/div>\n\t\t\t\t<div class=\"elementor-element elementor-element-f769750 elementor-align-left subtitle-position-below elementor-widget elementor-widget-agrile-heading\" data-id=\"f769750\" data-element_type=\"widget\" data-e-type=\"widget\" data-widget_type=\"agrile-heading.default\">\n\t\t\t\t<div class=\"elementor-widget-container\">\n\t\t\t\t\t<div class=\"elementor-heading-wrapper-inner\"><h2 class=\"elementor-heading-title elementor-size-default\">\u00dczvl\u0259rimiz - xarici<\/h2><div class=\"elementor-sub-title\"><span>Stronger Together \u2013 Our Collaboration Network for Sustainable Development in the Cotton Sector<\/span><\/div><\/div>\t\t\t\t<\/div>\n\t\t\t\t<\/div>\n\t\t\t\t\t<\/div>\n\t\t\t\t<\/div>\n\t\t<div class=\"elementor-element elementor-element-459c55e e-flex e-con-boxed e-con e-parent\" data-id=\"459c55e\" data-element_type=\"container\" data-e-type=\"container\">\n\t\t\t\t\t<div class=\"e-con-inner\">\n\t\t\t\t<div class=\"elementor-element elementor-element-6a6ae6c elementor-grid-mobile-2 elementor-grid-4 elementor-widget elementor-widget-agrile-image-carousel\" data-id=\"6a6ae6c\" data-element_type=\"widget\" data-e-type=\"widget\" data-settings=\"{&quot;column_mobile&quot;:&quot;2&quot;,&quot;column&quot;:4,&quot;column_spacing&quot;:{&quot;unit&quot;:&quot;px&quot;,&quot;size&quot;:30,&quot;sizes&quot;:[]},&quot;column_spacing_laptop&quot;:{&quot;unit&quot;:&quot;px&quot;,&quot;size&quot;:&quot;&quot;,&quot;sizes&quot;:[]},&quot;column_spacing_tablet_extra&quot;:{&quot;unit&quot;:&quot;px&quot;,&quot;size&quot;:&quot;&quot;,&quot;sizes&quot;:[]},&quot;column_spacing_tablet&quot;:{&quot;unit&quot;:&quot;px&quot;,&quot;size&quot;:&quot;&quot;,&quot;sizes&quot;:[]},&quot;column_spacing_mobile_extra&quot;:{&quot;unit&quot;:&quot;px&quot;,&quot;size&quot;:&quot;&quot;,&quot;sizes&quot;:[]},&quot;column_spacing_mobile&quot;:{&quot;unit&quot;:&quot;px&quot;,&quot;size&quot;:&quot;&quot;,&quot;sizes&quot;:[]}}\" data-widget_type=\"agrile-image-carousel.default\">\n\t\t\t\t<div class=\"elementor-widget-container\">\n\t\t\t\t\t            <div class=\"elementor-image-carousel-item-wrapper agrile-wrapper\">\n                <div class=\"agrile-con\">\n                    <div class=\"agrile-con-inner elementor-grid\">\n                                                    <div >\n                                <a href=\"https:\/\/cotton.az\/en\/prime-cotton\/\">\n                                                                        <img decoding=\"async\" class=\"image\" src=\"\" alt=\"image\">\n                                                                    <\/a>\n                            <\/div>\n                                            <\/div>\n                <\/div>\n\n                            <\/div>\n            \t\t\t\t<\/div>\n\t\t\t\t<\/div>\n\t\t\t\t\t<\/div>\n\t\t\t\t<\/div>\n\t\t\t\t<\/div>","protected":false},"excerpt":{"rendered":"<p>T\u0259r\u0259fda\u015flar\u0131m\u0131z Birlikd\u0259 daha g\u00fccl\u00fc \u2013 pamb\u0131q sektorunda dayan\u0131ql\u0131 inki\u015faf \u00fc\u00e7\u00fcn \u0259m\u0259kda\u015fl\u0131q \u015f\u0259b\u0259k\u0259miz \u00dczvl\u0259rimiz &#8211; yerli Birlikd\u0259 daha g\u00fccl\u00fc \u2013 pamb\u0131q sektorunda dayan\u0131ql\u0131 inki\u015faf \u00fc\u00e7\u00fcn \u0259m\u0259kda\u015fl\u0131q \u015f\u0259b\u0259k\u0259miz \u00dczvl\u0259rimiz &#8211; xarici Birlikd\u0259 daha g\u00fccl\u00fc \u2013 pamb\u0131q sektorunda dayan\u0131ql\u0131 inki\u015faf \u00fc\u00e7\u00fcn \u0259m\u0259kda\u015fl\u0131q \u015f\u0259b\u0259k\u0259miz<\/p>","protected":false},"author":1,"featured_media":0,"parent":0,"menu_order":0,"comment_status":"closed","ping_status":"closed","template":"","meta":{"footnotes":""},"class_list":["post-6686","page","type-page","status-publish","hentry"],"_links":{"self":[{"href":"https:\/\/cotton.az\/en\/wp-json\/wp\/v2\/pages\/6686","targetHints":{"allow":["GET"]}}],"collection":[{"href":"https:\/\/cotton.az\/en\/wp-json\/wp\/v2\/pages"}],"about":[{"href":"https:\/\/cotton.az\/en\/wp-json\/wp\/v2\/types\/page"}],"author":[{"embeddable":true,"href":"https:\/\/cotton.az\/en\/wp-json\/wp\/v2\/users\/1"}],"replies":[{"embeddable":true,"href":"https:\/\/cotton.az\/en\/wp-json\/wp\/v2\/comments?post=6686"}],"version-history":[{"count":159,"href":"https:\/\/cotton.az\/en\/wp-json\/wp\/v2\/pages\/6686\/revisions"}],"predecessor-version":[{"id":7702,"href":"https:\/\/cotton.az\/en\/wp-json\/wp\/v2\/pages\/6686\/revisions\/7702"}],"wp:attachment":[{"href":"https:\/\/cotton.az\/en\/wp-json\/wp\/v2\/media?parent=6686"}],"curies":[{"name":"wp","href":"https:\/\/api.w.org\/{rel}","templated":true}]}}