{"id":6718,"date":"2025-09-15T15:49:24","date_gmt":"2025-09-15T11:49:24","guid":{"rendered":"https:\/\/cotton.az\/?page_id=6718"},"modified":"2025-11-05T11:10:57","modified_gmt":"2025-11-05T07:10:57","slug":"ktn","status":"publish","type":"page","link":"https:\/\/cotton.az\/en\/ktn\/","title":{"rendered":"Ministry of Agriculture"},"content":{"rendered":"<div data-elementor-type=\"wp-page\" data-elementor-id=\"6718\" class=\"elementor elementor-6718\" data-elementor-post-type=\"page\">\n\t\t\t\t<div class=\"elementor-element elementor-element-a45e5c5 e-flex e-con-boxed e-con e-parent\" data-id=\"a45e5c5\" data-element_type=\"container\" data-e-type=\"container\">\n\t\t\t\t\t<div class=\"e-con-inner\">\n\t\t<div class=\"elementor-element elementor-element-052d661 e-con-full e-flex e-con e-child\" data-id=\"052d661\" data-element_type=\"container\" data-e-type=\"container\">\n\t\t<div class=\"elementor-element elementor-element-6739338 e-con-full e-flex e-con e-child\" data-id=\"6739338\" data-element_type=\"container\" data-e-type=\"container\" data-settings=\"{&quot;background_background&quot;:&quot;classic&quot;}\">\n\t\t<div class=\"elementor-element elementor-element-9e1a3bf e-con-full e-flex e-con e-child\" data-id=\"9e1a3bf\" data-element_type=\"container\" data-e-type=\"container\">\n\t\t\t\t<div class=\"elementor-element elementor-element-7149c51 elementor-hidden-mobile_extra elementor-hidden-mobile elementor-widget elementor-widget-text-editor\" data-id=\"7149c51\" data-element_type=\"widget\" data-e-type=\"widget\" data-widget_type=\"text-editor.default\">\n\t\t\t\t<div class=\"elementor-widget-container\">\n\t\t\t\t\t\t\t\t\t<h5>Partners<\/h5>\t\t\t\t\t\t\t\t<\/div>\n\t\t\t\t<\/div>\n\t\t\t\t<div class=\"elementor-element elementor-element-638203e elementor-align-start agrile-theme-style-yes elementor-hidden-mobile_extra elementor-hidden-mobile elementor-icon-list--layout-traditional elementor-list-item-link-full_width elementor-widget elementor-widget-icon-list\" data-id=\"638203e\" data-element_type=\"widget\" data-e-type=\"widget\" data-widget_type=\"icon-list.default\">\n\t\t\t\t<div class=\"elementor-widget-container\">\n\t\t\t\t\t\t\t<ul class=\"elementor-icon-list-items\">\n\t\t\t\t\t\t\t<li class=\"elementor-icon-list-item\">\n\t\t\t\t\t\t\t\t\t\t\t<span class=\"elementor-icon-list-icon\">\n\t\t\t\t\t\t\t<svg aria-hidden=\"true\" class=\"e-font-icon-svg e-fas-check\" viewbox=\"0 0 512 512\" xmlns=\"http:\/\/www.w3.org\/2000\/svg\"><path d=\"M173.898 439.404l-166.4-166.4c-9.997-9.997-9.997-26.206 0-36.204l36.203-36.204c9.997-9.998 26.207-9.998 36.204 0L192 312.69 432.095 72.596c9.997-9.997 26.207-9.997 36.204 0l36.203 36.204c9.997 9.997 9.997 26.206 0 36.204l-294.4 294.401c-9.998 9.997-26.207 9.997-36.204-.001z\"><\/path><\/svg>\t\t\t\t\t\t<\/span>\n\t\t\t\t\t\t\t\t\t\t<span class=\"elementor-icon-list-text\">Ministry of Agriculture<\/span>\n\t\t\t\t\t\t\t\t\t<\/li>\n\t\t\t\t\t\t\t\t<li class=\"elementor-icon-list-item\">\n\t\t\t\t\t\t\t\t\t\t\t<span class=\"elementor-icon-list-icon\">\n\t\t\t\t\t\t\t<svg aria-hidden=\"true\" class=\"e-font-icon-svg e-fas-check\" viewbox=\"0 0 512 512\" xmlns=\"http:\/\/www.w3.org\/2000\/svg\"><path d=\"M173.898 439.404l-166.4-166.4c-9.997-9.997-9.997-26.206 0-36.204l36.203-36.204c9.997-9.998 26.207-9.998 36.204 0L192 312.69 432.095 72.596c9.997-9.997 26.207-9.997 36.204 0l36.203 36.204c9.997 9.997 9.997 26.206 0 36.204l-294.4 294.401c-9.998 9.997-26.207 9.997-36.204-.001z\"><\/path><\/svg>\t\t\t\t\t\t<\/span>\n\t\t\t\t\t\t\t\t\t\t<span class=\"elementor-icon-list-text\">Agrarian Services Agency<\/span>\n\t\t\t\t\t\t\t\t\t<\/li>\n\t\t\t\t\t\t\t\t<li class=\"elementor-icon-list-item\">\n\t\t\t\t\t\t\t\t\t\t\t<span class=\"elementor-icon-list-icon\">\n\t\t\t\t\t\t\t<svg aria-hidden=\"true\" class=\"e-font-icon-svg e-fas-check\" viewbox=\"0 0 512 512\" xmlns=\"http:\/\/www.w3.org\/2000\/svg\"><path d=\"M173.898 439.404l-166.4-166.4c-9.997-9.997-9.997-26.206 0-36.204l36.203-36.204c9.997-9.998 26.207-9.998 36.204 0L192 312.69 432.095 72.596c9.997-9.997 26.207-9.997 36.204 0l36.203 36.204c9.997 9.997 9.997 26.206 0 36.204l-294.4 294.401c-9.998 9.997-26.207 9.997-36.204-.001z\"><\/path><\/svg>\t\t\t\t\t\t<\/span>\n\t\t\t\t\t\t\t\t\t\t<span class=\"elementor-icon-list-text\">Food Safety Agency<\/span>\n\t\t\t\t\t\t\t\t\t<\/li>\n\t\t\t\t\t\t<\/ul>\n\t\t\t\t\t\t<\/div>\n\t\t\t\t<\/div>\n\t\t\t\t<div class=\"elementor-element elementor-element-7fbed75 elementor-hidden-mobile_extra elementor-hidden-mobile elementor-widget elementor-widget-text-editor\" data-id=\"7fbed75\" data-element_type=\"widget\" data-e-type=\"widget\" data-widget_type=\"text-editor.default\">\n\t\t\t\t<div class=\"elementor-widget-container\">\n\t\t\t\t\t\t\t\t\t<h5>Our members<\/h5>\t\t\t\t\t\t\t\t<\/div>\n\t\t\t\t<\/div>\n\t\t\t\t<div class=\"elementor-element elementor-element-ef46480 elementor-align-start agrile-theme-style-yes elementor-hidden-mobile_extra elementor-hidden-mobile elementor-icon-list--layout-traditional elementor-list-item-link-full_width elementor-widget elementor-widget-icon-list\" data-id=\"ef46480\" data-element_type=\"widget\" data-e-type=\"widget\" data-widget_type=\"icon-list.default\">\n\t\t\t\t<div class=\"elementor-widget-container\">\n\t\t\t\t\t\t\t<ul class=\"elementor-icon-list-items\">\n\t\t\t\t\t\t\t<li class=\"elementor-icon-list-item\">\n\t\t\t\t\t\t\t\t\t\t\t<span class=\"elementor-icon-list-icon\">\n\t\t\t\t\t\t\t<svg aria-hidden=\"true\" class=\"e-font-icon-svg e-fas-check\" viewbox=\"0 0 512 512\" xmlns=\"http:\/\/www.w3.org\/2000\/svg\"><path d=\"M173.898 439.404l-166.4-166.4c-9.997-9.997-9.997-26.206 0-36.204l36.203-36.204c9.997-9.998 26.207-9.998 36.204 0L192 312.69 432.095 72.596c9.997-9.997 26.207-9.997 36.204 0l36.203 36.204c9.997 9.997 9.997 26.206 0 36.204l-294.4 294.401c-9.998 9.997-26.207 9.997-36.204-.001z\"><\/path><\/svg>\t\t\t\t\t\t<\/span>\n\t\t\t\t\t\t\t\t\t\t<span class=\"elementor-icon-list-text\">Prime Cotton<\/span>\n\t\t\t\t\t\t\t\t\t<\/li>\n\t\t\t\t\t\t\t\t<li class=\"elementor-icon-list-item\">\n\t\t\t\t\t\t\t\t\t\t\t<span class=\"elementor-icon-list-icon\">\n\t\t\t\t\t\t\t<svg aria-hidden=\"true\" class=\"e-font-icon-svg e-fas-check\" viewbox=\"0 0 512 512\" xmlns=\"http:\/\/www.w3.org\/2000\/svg\"><path d=\"M173.898 439.404l-166.4-166.4c-9.997-9.997-9.997-26.206 0-36.204l36.203-36.204c9.997-9.998 26.207-9.998 36.204 0L192 312.69 432.095 72.596c9.997-9.997 26.207-9.997 36.204 0l36.203 36.204c9.997 9.997 9.997 26.206 0 36.204l-294.4 294.401c-9.998 9.997-26.207 9.997-36.204-.001z\"><\/path><\/svg>\t\t\t\t\t\t<\/span>\n\t\t\t\t\t\t\t\t\t\t<span class=\"elementor-icon-list-text\">Azerpambiq<\/span>\n\t\t\t\t\t\t\t\t\t<\/li>\n\t\t\t\t\t\t\t\t<li class=\"elementor-icon-list-item\">\n\t\t\t\t\t\t\t\t\t\t\t<span class=\"elementor-icon-list-icon\">\n\t\t\t\t\t\t\t<svg aria-hidden=\"true\" class=\"e-font-icon-svg e-fas-check\" viewbox=\"0 0 512 512\" xmlns=\"http:\/\/www.w3.org\/2000\/svg\"><path d=\"M173.898 439.404l-166.4-166.4c-9.997-9.997-9.997-26.206 0-36.204l36.203-36.204c9.997-9.998 26.207-9.998 36.204 0L192 312.69 432.095 72.596c9.997-9.997 26.207-9.997 36.204 0l36.203 36.204c9.997 9.997 9.997 26.206 0 36.204l-294.4 294.401c-9.998 9.997-26.207 9.997-36.204-.001z\"><\/path><\/svg>\t\t\t\t\t\t<\/span>\n\t\t\t\t\t\t\t\t\t\t<span class=\"elementor-icon-list-text\">Azershekar<\/span>\n\t\t\t\t\t\t\t\t\t<\/li>\n\t\t\t\t\t\t\t\t<li class=\"elementor-icon-list-item\">\n\t\t\t\t\t\t\t\t\t\t\t<span class=\"elementor-icon-list-icon\">\n\t\t\t\t\t\t\t<svg aria-hidden=\"true\" class=\"e-font-icon-svg e-fas-check\" viewbox=\"0 0 512 512\" xmlns=\"http:\/\/www.w3.org\/2000\/svg\"><path d=\"M173.898 439.404l-166.4-166.4c-9.997-9.997-9.997-26.206 0-36.204l36.203-36.204c9.997-9.998 26.207-9.998 36.204 0L192 312.69 432.095 72.596c9.997-9.997 26.207-9.997 36.204 0l36.203 36.204c9.997 9.997 9.997 26.206 0 36.204l-294.4 294.401c-9.998 9.997-26.207 9.997-36.204-.001z\"><\/path><\/svg>\t\t\t\t\t\t<\/span>\n\t\t\t\t\t\t\t\t\t\t<span class=\"elementor-icon-list-text\">P-Aqro<\/span>\n\t\t\t\t\t\t\t\t\t<\/li>\n\t\t\t\t\t\t<\/ul>\n\t\t\t\t\t\t<\/div>\n\t\t\t\t<\/div>\n\t\t\t\t<\/div>\n\t\t\t\t<\/div>\n\t\t\t\t<\/div>\n\t\t<div class=\"elementor-element elementor-element-d62c709 e-con-full e-flex e-con e-child\" data-id=\"d62c709\" data-element_type=\"container\" data-e-type=\"container\">\n\t\t\t\t<div class=\"elementor-element elementor-element-d6541dd elementor-widget elementor-widget-heading\" data-id=\"d6541dd\" data-element_type=\"widget\" data-e-type=\"widget\" data-widget_type=\"heading.default\">\n\t\t\t\t<div class=\"elementor-widget-container\">\n\t\t\t\t\t<h3 class=\"elementor-heading-title elementor-size-default\">Ministry of Agriculture of the Republic of Azerbaijan<\/h3>\t\t\t\t<\/div>\n\t\t\t\t<\/div>\n\t\t\t\t<div class=\"elementor-element elementor-element-3445f46 elementor-widget elementor-widget-text-editor\" data-id=\"3445f46\" data-element_type=\"widget\" data-e-type=\"widget\" data-widget_type=\"text-editor.default\">\n\t\t\t\t<div class=\"elementor-widget-container\">\n\t\t\t\t\t\t\t\t\t<p data-start=\"317\" data-end=\"628\">The Ministry of Agriculture of the Republic of Azerbaijan was reorganized by the Decree of the President of the Republic of Azerbaijan dated October 3, 2014, amending the Decree No. 1015 of the President dated July 14, 2010, \u201cOn Approval of the Structures of Certain Central Executive Authorities,\u201d to ensure the functioning of the Ministry of Agriculture of the Republic of Azerbaijan.<\/p>\t\t\t\t\t\t\t\t<\/div>\n\t\t\t\t<\/div>\n\t\t<div class=\"elementor-element elementor-element-f682aa2 e-con-full e-flex e-con e-child\" data-id=\"f682aa2\" data-element_type=\"container\" data-e-type=\"container\">\n\t\t<div class=\"elementor-element elementor-element-7115034 e-con-full e-flex e-con e-child\" data-id=\"7115034\" data-element_type=\"container\" data-e-type=\"container\">\n\t\t\t\t<div class=\"elementor-element elementor-element-512eb0a elementor-widget elementor-widget-image\" data-id=\"512eb0a\" data-element_type=\"widget\" data-e-type=\"widget\" data-widget_type=\"image.default\">\n\t\t\t\t<div class=\"elementor-widget-container\">\n\t\t\t\t\t\t\t\t\t\t\t\t\t\t\t<img fetchpriority=\"high\" decoding=\"async\" width=\"980\" height=\"735\" src=\"https:\/\/cotton.az\/wp-content\/uploads\/2025\/11\/1541410236_pambq1-1024x768.jpg\" class=\"attachment-large size-large wp-image-7618\" alt=\"\" srcset=\"https:\/\/cotton.az\/wp-content\/uploads\/2025\/11\/1541410236_pambq1-1024x768.jpg 1024w, https:\/\/cotton.az\/wp-content\/uploads\/2025\/11\/1541410236_pambq1-300x225.jpg 300w, https:\/\/cotton.az\/wp-content\/uploads\/2025\/11\/1541410236_pambq1-768x576.jpg 768w, https:\/\/cotton.az\/wp-content\/uploads\/2025\/11\/1541410236_pambq1-1536x1152.jpg 1536w, https:\/\/cotton.az\/wp-content\/uploads\/2025\/11\/1541410236_pambq1-2048x1536.jpg 2048w, https:\/\/cotton.az\/wp-content\/uploads\/2025\/11\/1541410236_pambq1-16x12.jpg 16w, https:\/\/cotton.az\/wp-content\/uploads\/2025\/11\/1541410236_pambq1-680x510.jpg 680w\" sizes=\"(max-width: 980px) 100vw, 980px\" \/>\t\t\t\t\t\t\t\t\t\t\t\t\t\t\t<\/div>\n\t\t\t\t<\/div>\n\t\t\t\t<\/div>\n\t\t\t\t<\/div>\n\t\t\t\t<div class=\"elementor-element elementor-element-35f6905 elementor-widget elementor-widget-text-editor\" data-id=\"35f6905\" data-element_type=\"widget\" data-e-type=\"widget\" data-widget_type=\"text-editor.default\">\n\t\t\t\t<div class=\"elementor-widget-container\">\n\t\t\t\t\t\t\t\t\t<p data-start=\"302\" data-end=\"800\">The Ministry of Agriculture of the Republic of Azerbaijan is the central executive authority that develops and implements state policy in the agricultural sector, including the production and processing of agricultural products and aquaculture facilities, provides necessary services to producers, ensures the efficient use of land, carries out regulatory and economic oversight, and provides services in phytosanitary and veterinary fields.<\/p><p data-start=\"802\" data-end=\"822\"><strong data-start=\"802\" data-end=\"820\">Subordinate Institutions:<\/strong><\/p><ul data-start=\"823\" data-end=\"1428\"><li data-start=\"823\" data-end=\"887\"><p data-start=\"825\" data-end=\"887\">Agrarian Services Agency under the Ministry of Agriculture<\/p><\/li><li data-start=\"888\" data-end=\"925\"><p data-start=\"890\" data-end=\"925\">Agrarian Credit and Development Agency under the Ministry of Agriculture<\/p><\/li><li data-start=\"926\" data-end=\"955\"><p data-start=\"928\" data-end=\"955\">Agrarian Research Center<\/p><\/li><li data-start=\"956\" data-end=\"991\"><p data-start=\"958\" data-end=\"991\">Agrarian Science and Innovation Center<\/p><\/li><li data-start=\"992\" data-end=\"1042\"><p data-start=\"994\" data-end=\"1042\">District and City State Agrarian Development Centers<\/p><\/li><li data-start=\"1043\" data-end=\"1065\"><p data-start=\"1045\" data-end=\"1065\">State Seed Fund<\/p><\/li><li data-start=\"1066\" data-end=\"1103\"><p data-start=\"1068\" data-end=\"1103\">Republican Artificial Insemination Center<\/p><\/li><li data-start=\"1104\" data-end=\"1157\"><p data-start=\"1106\" data-end=\"1157\">\"Azaraqrar State Production and Processing Union\" LLC<\/p><\/li><li data-start=\"1158\" data-end=\"1193\"><p data-start=\"1160\" data-end=\"1193\">\"Agrarian Procurement and Supply\" JSC<\/p><\/li><li data-start=\"1194\" data-end=\"1226\"><p data-start=\"1196\" data-end=\"1226\">State Agrarian Trading Company<\/p><\/li><li data-start=\"1227\" data-end=\"1258\"><p data-start=\"1229\" data-end=\"1258\">\u201cGreen Park Azerbaijan\u201d LLC<\/p><\/li><li data-start=\"1259\" data-end=\"1428\"><p data-start=\"1261\" data-end=\"1428\">\u201cAgroleasing\u201d JSC (transferred to the management of the Ministry of Agriculture by the Decree No. 392 of the President of the Republic of Azerbaijan dated June 21, 2009)<\/p><\/li><\/ul><p data-start=\"1430\" data-end=\"1447\"><strong data-start=\"1430\" data-end=\"1445\">Historical Background:<\/strong><\/p><ul data-start=\"1448\" data-end=\"1980\"><li data-start=\"1448\" data-end=\"1512\"><p data-start=\"1450\" data-end=\"1512\">1918 \u2013 Ministry of Agriculture and Labor (Azerbaijan National Council)<\/p><\/li><li data-start=\"1513\" data-end=\"1570\"><p data-start=\"1515\" data-end=\"1570\">October 1918 \u2013 Ministry of State Property and Agriculture<\/p><\/li><li data-start=\"1571\" data-end=\"1608\"><p data-start=\"1573\" data-end=\"1608\">1920 \u2013 State Land Commissariat<\/p><\/li><li data-start=\"1609\" data-end=\"1717\"><p data-start=\"1611\" data-end=\"1717\">1946 \u2013 Land Commissariat became the Ministry of Agriculture; in February, the Ministry of Agriculture was officially established<\/p><\/li><li data-start=\"1718\" data-end=\"1776\"><p data-start=\"1720\" data-end=\"1776\">1947 \u2013 Ministry of Technical Crops was integrated into the Ministry of Agriculture<\/p><\/li><li data-start=\"1777\" data-end=\"1826\"><p data-start=\"1779\" data-end=\"1826\">1985 \u2013 State Agrarian Industry Committee was established<\/p><\/li><li data-start=\"1827\" data-end=\"1894\"><p data-start=\"1829\" data-end=\"1894\">1992 \u2013 Ministry of Agriculture and Food of independent Azerbaijan was created<\/p><\/li><li data-start=\"1895\" data-end=\"1980\"><p data-start=\"1897\" data-end=\"1980\">1993 \u2013 The Ministry of Agriculture was re-established and continues its activities<\/p><\/li><\/ul>\t\t\t\t\t\t\t\t<\/div>\n\t\t\t\t<\/div>\n\t\t\t\t<div class=\"elementor-element elementor-element-3d86568 elementor-widget-divider--view-line elementor-widget elementor-widget-divider\" data-id=\"3d86568\" data-element_type=\"widget\" data-e-type=\"widget\" data-widget_type=\"divider.default\">\n\t\t\t\t<div class=\"elementor-widget-container\">\n\t\t\t\t\t\t\t<div class=\"elementor-divider\">\n\t\t\t<span class=\"elementor-divider-separator\">\n\t\t\t\t\t\t<\/span>\n\t\t<\/div>\n\t\t\t\t\t\t<\/div>\n\t\t\t\t<\/div>\n\t\t\t\t<\/div>\n\t\t\t\t\t<\/div>\n\t\t\t\t<\/div>\n\t\t\t\t<\/div>","protected":false},"excerpt":{"rendered":"<p>T\u0259r\u0259fda\u015flar K\u0259nd T\u0259s\u0259rr\u00fcfat\u0131 Nazirliyi Aqrar Xidm\u0259tl\u0259r agentliyi Qida T\u0259hl\u00fck\u0259sizliyi Agentliyi \u00dczvl\u0259rimiz Prime Cotton Az\u0259rpamb\u0131q Az\u0259r\u015f\u0259k\u0259r P-Aqro Az\u0259rbaycan Respublikas\u0131 K\u0259nd T\u0259s\u0259rr\u00fcfat\u0131 Nazirliyi Az\u0259rbaycan Respublikas\u0131 K\u0259nd T\u0259s\u0259rr\u00fcfat\u0131 Nazirliyi Az\u0259rbaycan Respublikas\u0131 K\u0259nd T\u0259s\u0259rr\u00fcfat\u0131 Nazirliyinin f\u0259aliyy\u0259tinin t\u0259min edilm\u0259si v\u0259 \u201cBir s\u0131ra m\u0259rk\u0259zi icra hakimiyy\u0259ti orqanlar\u0131n\u0131n strukturlar\u0131n\u0131n t\u0259sdiq edilm\u0259si haqq\u0131nda\u201d Az\u0259rbaycan Respublikas\u0131 Prezidentinin 2010-cu il 14 iyul tarixli 1015 n\u00f6mr\u0259li [&hellip;]<\/p>\n","protected":false},"author":1,"featured_media":0,"parent":0,"menu_order":0,"comment_status":"closed","ping_status":"closed","template":"","meta":{"footnotes":""},"class_list":["post-6718","page","type-page","status-publish","hentry"],"_links":{"self":[{"href":"https:\/\/cotton.az\/en\/wp-json\/wp\/v2\/pages\/6718","targetHints":{"allow":["GET"]}}],"collection":[{"href":"https:\/\/cotton.az\/en\/wp-json\/wp\/v2\/pages"}],"about":[{"href":"https:\/\/cotton.az\/en\/wp-json\/wp\/v2\/types\/page"}],"author":[{"embeddable":true,"href":"https:\/\/cotton.az\/en\/wp-json\/wp\/v2\/users\/1"}],"replies":[{"embeddable":true,"href":"https:\/\/cotton.az\/en\/wp-json\/wp\/v2\/comments?post=6718"}],"version-history":[{"count":11,"href":"https:\/\/cotton.az\/en\/wp-json\/wp\/v2\/pages\/6718\/revisions"}],"predecessor-version":[{"id":7621,"href":"https:\/\/cotton.az\/en\/wp-json\/wp\/v2\/pages\/6718\/revisions\/7621"}],"wp:attachment":[{"href":"https:\/\/cotton.az\/en\/wp-json\/wp\/v2\/media?parent=6718"}],"curies":[{"name":"wp","href":"https:\/\/api.w.org\/{rel}","templated":true}]}}